{"id":85,"date":"2025-10-27T14:57:44","date_gmt":"2025-10-27T14:57:44","guid":{"rendered":"https:\/\/fruteco.es\/?page_id=85"},"modified":"2026-01-29T11:26:28","modified_gmt":"2026-01-29T11:26:28","slug":"red-logistica-propia","status":"publish","type":"page","link":"https:\/\/fruteco.es\/en\/red-logistica-propia\/","title":{"rendered":"Empresa"},"content":{"rendered":"[et_pb_section fb_built=\u00bb1&#8243; custom_padding_last_edited=\u00bbon|phone\u00bb _builder_version=\u00bb4.27.0&#8243; _module_preset=\u00bbdefault\u00bb use_background_color_gradient=\u00bbon\u00bb background_color_gradient_stops=\u00bbrgba(35,42,33,0.4) 0%|rgba(35,42,33,0.4) 100%\u00bb background_color_gradient_overlays_image=\u00bbon\u00bb background_image=\u00bbhttp:\/\/fruteco.es\/wp-content\/uploads\/2025\/11\/frutecto.jpg\u00bb custom_margin=\u00bb0px||0px||false|false\u00bb custom_padding=\u00bb150px||150px||true|false\u00bb custom_padding_tablet=\u00bb140px||140px||true|false\u00bb custom_padding_phone=\u00bb110px||110px||true|false\u00bb top_divider_height=\u00bb50px\u00bb top_divider_flip=\u00bbvertical\u00bb bottom_divider_style=\u00bbslant2&#8243; bottom_divider_color=\u00bb#FFFFFF\u00bb bottom_divider_flip=\u00bbvertical\u00bb global_colors_info=\u00bb{}\u00bb][et_pb_row column_structure=\u00bb3_4,1_4&#8243; _builder_version=\u00bb4.27.0&#8243; _module_preset=\u00bbdefault\u00bb width=\u00bb90%\u00bb custom_margin=\u00bb0px||0px||true|false\u00bb custom_padding=\u00bb0px||0px||false|false\u00bb animation_style=\u00bbslide\u00bb animation_direction=\u00bbleft\u00bb global_colors_info=\u00bb{}\u00bb][et_pb_column type=\u00bb3_4&#8243; _builder_version=\u00bb4.17.1&#8243; _module_preset=\u00bbdefault\u00bb global_colors_info=\u00bb{}\u00bb][et_pb_text _builder_version=\u00bb4.27.0&#8243; _module_preset=\u00bbdefault\u00bb header_font=\u00bb||on||||||\u00bb header_text_align=\u00bbleft\u00bb header_text_color=\u00bb#FFFFFF\u00bb header_font_size=\u00bb60px\u00bb custom_margin=\u00bb-6px||20px||false|false\u00bb custom_padding=\u00bb0px||0px||false|false\u00bb header_font_size_tablet=\u00bb60px\u00bb header_font_size_phone=\u00bb38px\u00bb header_font_size_last_edited=\u00bbon|tablet\u00bb header_text_shadow_style=\u00bbpreset3&#8243; global_colors_info=\u00bb{}\u00bb]<h1>Del campo a la gran distribuci\u00f3n, con calidad garantizada<\/h1>[\/et_pb_text][et_pb_text _builder_version=\u00bb4.27.0&#8243; _module_preset=\u00bbdefault\u00bb header_font=\u00bb||on||||||\u00bb header_text_align=\u00bbleft\u00bb header_text_color=\u00bb#FFFFFF\u00bb header_font_size=\u00bb60px\u00bb custom_margin=\u00bb-6px||20px||false|false\u00bb custom_padding=\u00bb0px||0px||false|false\u00bb header_font_size_tablet=\u00bb60px\u00bb header_font_size_phone=\u00bb38px\u00bb header_font_size_last_edited=\u00bbon|tablet\u00bb header_text_shadow_style=\u00bbpreset3&#8243; global_colors_info=\u00bb{}\u00bb][\/et_pb_text][\/et_pb_column][et_pb_column type=\u00bb1_4&#8243; _builder_version=\u00bb4.17.1&#8243; _module_preset=\u00bbdefault\u00bb global_colors_info=\u00bb{}\u00bb][\/et_pb_column][\/et_pb_row][\/et_pb_section][et_pb_section fb_built=\u00bb1&#8243; _builder_version=\u00bb4.27.0&#8243; _module_preset=\u00bbdefault\u00bb global_colors_info=\u00bb{}\u00bb][et_pb_row column_structure=\u00bb3_5,2_5&#8243; _builder_version=\u00bb4.27.0&#8243; _module_preset=\u00bbdefault\u00bb custom_padding=\u00bb||4px|||\u00bb global_colors_info=\u00bb{}\u00bb][et_pb_column type=\u00bb3_5&#8243; _builder_version=\u00bb4.27.0&#8243; _module_preset=\u00bbdefault\u00bb global_colors_info=\u00bb{}\u00bb][et_pb_text _builder_version=\u00bb4.27.0&#8243; _module_preset=\u00bbdefault\u00bb text_text_color=\u00bb#000000&#8243; text_font_size=\u00bb16px\u00bb text_line_height=\u00bb1.8em\u00bb custom_margin=\u00bb0px||20px||false|false\u00bb custom_padding=\u00bb0px||0px||false|false\u00bb global_colors_info=\u00bb{}\u00bb]<p><strong>Desde 1997, en Grupo Fruteco trabajamos con un \u00fanico objetivo: ofrecer frutas y hortalizas frescas con la m\u00e1xima eficacia, calidad y trazabilidad, desde el origen hasta el consumidor final, a trav\u00e9s del canal exclusivo de la gran distribuci\u00f3n.<\/strong><\/p>\n<p>Contamos con una s\u00f3lida red de cosecheros y empresas asociadas que nos permite garantizar un suministro continuo y eficiente de productos hortofrut\u00edcolas frescos durante todo el a\u00f1o. Gracias a nuestra experiencia, visi\u00f3n global y fuerte implantaci\u00f3n nacional, nos posicionamos como uno de los principales operadores del sector hortofrut\u00edcola en Espa\u00f1a.<\/p>\n<p><span style=\"color: #e2001a;\"><b>Red log\u00edstica propia: cobertura nacional 365 d\u00edas al a\u00f1o<\/b><\/span><\/p>\n<p><span style=\"font-weight: 400;\">Disponemos de <\/span><b>10 centros de distribuci\u00f3n<\/b><span style=\"font-weight: 400;\"> estrat\u00e9gicamente situados en la Pen\u00ednsula Ib\u00e9rica y Canarias, lo que nos permite garantizar un servicio homog\u00e9neo y puntual en todo el territorio nacional.<\/span><span style=\"font-weight: 400;\"><br \/><\/span><span style=\"font-weight: 400;\">Nuestra red log\u00edstica nos permite entregar cualquier pedido en <\/span><b>menos de 48 horas<\/b><span style=\"font-weight: 400;\"> manteniendo la cadena de fr\u00edo y los m\u00e1s altos est\u00e1ndares de calidad.<\/span><\/p>\n<p><span style=\"font-weight: 400;\">Apostamos por la <\/span><b>combinaci\u00f3n de campa\u00f1as nacionales con importaci\u00f3n internacional<\/b><span style=\"font-weight: 400;\"> para garantizar la disponibilidad de frutas y hortalizas durante todo el a\u00f1o.<\/span><span style=\"font-weight: 400;\"><br \/><\/span><span style=\"font-weight: 400;\">Nuestros productos llegan desde Espa\u00f1a y tambi\u00e9n desde pa\u00edses como <\/span><b>Sud\u00e1frica, Israel, Marruecos, Sri Lanka, Nueva Zelanda o Am\u00e9rica Latina<\/b><span style=\"font-weight: 400;\">, siempre bajo acuerdos comerciales estables y con procesos log\u00edsticos perfectamente coordinados.<\/span><\/p>[\/et_pb_text][\/et_pb_column][et_pb_column type=\u00bb2_5&#8243; _builder_version=\u00bb4.27.0&#8243; _module_preset=\u00bbdefault\u00bb global_colors_info=\u00bb{}\u00bb][et_pb_image src=\u00bbhttp:\/\/fruteco.es\/wp-content\/uploads\/2025\/10\/275.jpg\u00bb title_text=\u00bb275&#8243; _builder_version=\u00bb4.27.0&#8243; _module_preset=\u00bbdefault\u00bb border_radii=\u00bbon|5px|5px|5px|5px\u00bb border_width_all=\u00bb5px\u00bb border_color_all=\u00bb#FFFFFF\u00bb box_shadow_style=\u00bbpreset1&#8243; box_shadow_blur=\u00bb10px\u00bb box_shadow_color=\u00bbrgba(0,0,0,0.21)\u00bb global_colors_info=\u00bb{}\u00bb][\/et_pb_image][et_pb_image src=\u00bbhttp:\/\/fruteco.es\/wp-content\/uploads\/2025\/12\/57345652_food_illustration_poster_4.jpg\u00bb title_text=\u00bb57345652_food_illustration_poster_4&#8243; align=\u00bbcenter\u00bb force_fullwidth=\u00bbon\u00bb _builder_version=\u00bb4.27.0&#8243; _module_preset=\u00bbdefault\u00bb border_radii=\u00bbon|5px|5px|5px|5px\u00bb border_width_all=\u00bb5px\u00bb border_color_all=\u00bb#FFFFFF\u00bb box_shadow_style=\u00bbpreset1&#8243; box_shadow_blur=\u00bb10px\u00bb box_shadow_color=\u00bbrgba(0,0,0,0.21)\u00bb global_colors_info=\u00bb{}\u00bb][\/et_pb_image][\/et_pb_column][\/et_pb_row][et_pb_row column_structure=\u00bb1_4,1_4,1_4,1_4&#8243; use_custom_gutter=\u00bbon\u00bb gutter_width=\u00bb2&#8243; make_equal=\u00bbon\u00bb _builder_version=\u00bb4.27.0&#8243; _module_preset=\u00bbdefault\u00bb width=\u00bb90%\u00bb global_colors_info=\u00bb{}\u00bb][et_pb_column type=\u00bb1_4&#8243; _builder_version=\u00bb4.27.0&#8243; _module_preset=\u00bbdefault\u00bb global_colors_info=\u00bb{}\u00bb][dsm_card title=\u00bbConservaci\u00f3n y seguridad alimentaria\u00bb content_horizontal_alignment=\u00bbflex-start\u00bb image_background_animation=\u00bbzoom_in\u00bb image_background_animation_speed=\u00bb1500ms\u00bb use_content_icon=\u00bbon\u00bb font_icon=\u00bb&#xf505;||fa||900&#8243; icon_color=\u00bb#FFFFFF\u00bb use_icon_font_size=\u00bbon\u00bb icon_content_font_size=\u00bb35px\u00bb button_url_new_window=\u00bb1&#8243; _builder_version=\u00bb4.27.0&#8243; _module_preset=\u00bbdefault\u00bb header_level=\u00bbh3&#8243; header_text_align=\u00bbleft\u00bb header_text_color=\u00bb#FFFFFF\u00bb header_font_size=\u00bb25px\u00bb body_text_color=\u00bb#FFFFFF\u00bb background_color=\u00bb#E2001A\u00bb background_enable_image=\u00bboff\u00bb border_radii=\u00bbon|5px|5px|5px|5px\u00bb border_width_all=\u00bb5px\u00bb border_color_all=\u00bb#FFFFFF\u00bb box_shadow_style=\u00bbpreset1&#8243; box_shadow_blur=\u00bb10px\u00bb box_shadow_color=\u00bbrgba(0,0,0,0.1)\u00bb global_colors_info=\u00bb{}\u00bb background__hover_enabled=\u00bbon|hover\u00bb background_color__hover=\u00bb#009037&#8243; background_enable_color__hover=\u00bbon\u00bb]<p><span style=\"font-weight: 400;\">Toda nuestra operativa log\u00edstica est\u00e1 orientada a preservar la <\/span><b>frescura, sabor y seguridad alimentaria<\/b><span style=\"font-weight: 400;\"> de cada producto.<\/span><\/p>\n<p><span style=\"font-weight: 400;\">Respetamos las necesidades espec\u00edficas de temperatura y humedad, cumpliendo rigurosamente con las normativas internacionales:<\/span><span style=\"font-weight: 400;\"><br \/><\/span><b>UNE-EN-ISO 9002 | UNE-EN-ISO 14001 | EUREPGAP<\/b><\/p>[\/dsm_card][\/et_pb_column][et_pb_column type=\u00bb1_4&#8243; _builder_version=\u00bb4.27.0&#8243; _module_preset=\u00bbdefault\u00bb global_colors_info=\u00bb{}\u00bb][dsm_card title=\u00bbEmpresas asociadas y soporte local\u00bb content_horizontal_alignment=\u00bbflex-start\u00bb image_background_animation=\u00bbzoom_in\u00bb image_background_animation_speed=\u00bb1500ms\u00bb use_content_icon=\u00bbon\u00bb font_icon=\u00bb&#xf0f8;||fa||900&#8243; icon_color=\u00bb#FFFFFF\u00bb use_icon_font_size=\u00bbon\u00bb icon_content_font_size=\u00bb35px\u00bb button_url_new_window=\u00bb1&#8243; _builder_version=\u00bb4.27.0&#8243; _module_preset=\u00bbdefault\u00bb header_level=\u00bbh3&#8243; header_text_align=\u00bbleft\u00bb header_text_color=\u00bb#FFFFFF\u00bb header_font_size=\u00bb25px\u00bb body_text_color=\u00bb#FFFFFF\u00bb background_color=\u00bb#E2001A\u00bb background_enable_image=\u00bboff\u00bb border_radii=\u00bbon|5px|5px|5px|5px\u00bb border_width_all=\u00bb5px\u00bb border_color_all=\u00bb#FFFFFF\u00bb box_shadow_style=\u00bbpreset1&#8243; box_shadow_blur=\u00bb10px\u00bb box_shadow_color=\u00bbrgba(0,0,0,0.1)\u00bb global_colors_info=\u00bb{}\u00bb background__hover_enabled=\u00bbon|desktop\u00bb background_color__hover=\u00bb#009037&#8243; background_enable_color__hover=\u00bbon\u00bb]<p><span style=\"font-weight: 400;\">Contamos con el apoyo de <\/span><b>10 empresas vinculadas<\/b><span style=\"font-weight: 400;\">, l\u00edderes en sus zonas de producci\u00f3n, situadas en puntos clave como:<\/span><\/p>\n<p><b>Almer\u00eda, Badajoz, Ciudad Real, Granada, M\u00e1laga, Murcia, Alicante, Castell\u00f3n y Lleida.<\/b><\/p>\n<p><span style=\"font-weight: 400;\">Esta estructura nos permite optimizar la log\u00edstica desde el campo hasta cada plataforma de distribuci\u00f3n.<\/span><\/p>[\/dsm_card][\/et_pb_column][et_pb_column type=\u00bb1_4&#8243; _builder_version=\u00bb4.27.0&#8243; _module_preset=\u00bbdefault\u00bb global_colors_info=\u00bb{}\u00bb][dsm_card title=\u00bbOperadores log\u00edsticos especialistas en gran distribuci\u00f3n\u00bb content_horizontal_alignment=\u00bbflex-start\u00bb image_background_animation=\u00bbzoom_in\u00bb image_background_animation_speed=\u00bb1500ms\u00bb use_content_icon=\u00bbon\u00bb font_icon=\u00bb&#xf4df;||fa||900&#8243; icon_color=\u00bb#FFFFFF\u00bb use_icon_font_size=\u00bbon\u00bb icon_content_font_size=\u00bb35px\u00bb button_url_new_window=\u00bb1&#8243; _builder_version=\u00bb4.27.0&#8243; _module_preset=\u00bbdefault\u00bb header_level=\u00bbh3&#8243; header_text_align=\u00bbleft\u00bb header_text_color=\u00bb#FFFFFF\u00bb header_font_size=\u00bb25px\u00bb body_text_color=\u00bb#FFFFFF\u00bb background_color=\u00bb#E2001A\u00bb background_enable_image=\u00bboff\u00bb border_radii=\u00bbon|5px|5px|5px|5px\u00bb border_width_all=\u00bb5px\u00bb border_color_all=\u00bb#FFFFFF\u00bb box_shadow_style=\u00bbpreset1&#8243; box_shadow_blur=\u00bb10px\u00bb box_shadow_color=\u00bbrgba(0,0,0,0.1)\u00bb global_colors_info=\u00bb{}\u00bb background__hover_enabled=\u00bbon|desktop\u00bb background_color__hover=\u00bb#009037&#8243; background_enable_color__hover=\u00bbon\u00bb]<p><span style=\"font-weight: 400;\">Nuestra Plataforma de Perecederos est\u00e1 gestionada por operadores log\u00edsticos especializados en el <\/span><b>almacenaje, picking y distribuci\u00f3n hortofrut\u00edcola<\/b><span style=\"font-weight: 400;\"> para las principales cadenas de gran distribuci\u00f3n, cumpliendo estrictamente los plazos de entrega y garantizando la trazabilidad de principio a fin.<\/span><\/p>[\/dsm_card][\/et_pb_column][et_pb_column type=\u00bb1_4&#8243; _builder_version=\u00bb4.27.0&#8243; _module_preset=\u00bbdefault\u00bb global_colors_info=\u00bb{}\u00bb][dsm_card title=\u00bbCompromiso con la calidad y el consumidor final\u00bb content_horizontal_alignment=\u00bbflex-start\u00bb image_background_animation=\u00bbzoom_in\u00bb image_background_animation_speed=\u00bb1500ms\u00bb use_content_icon=\u00bbon\u00bb font_icon=\u00bb&#x52;||divi||400&#8243; icon_color=\u00bb#FFFFFF\u00bb use_icon_font_size=\u00bbon\u00bb icon_content_font_size=\u00bb35px\u00bb button_url_new_window=\u00bb1&#8243; _builder_version=\u00bb4.27.0&#8243; _module_preset=\u00bbdefault\u00bb header_level=\u00bbh3&#8243; header_text_align=\u00bbleft\u00bb header_text_color=\u00bb#FFFFFF\u00bb header_font_size=\u00bb25px\u00bb body_text_color=\u00bb#FFFFFF\u00bb background_color=\u00bb#E2001A\u00bb background_enable_image=\u00bboff\u00bb border_radii=\u00bbon|5px|5px|5px|5px\u00bb border_width_all=\u00bb5px\u00bb border_color_all=\u00bb#FFFFFF\u00bb box_shadow_style=\u00bbpreset1&#8243; box_shadow_blur=\u00bb10px\u00bb box_shadow_color=\u00bbrgba(0,0,0,0.1)\u00bb global_colors_info=\u00bb{}\u00bb background__hover_enabled=\u00bbon|desktop\u00bb background_color__hover=\u00bb#009037&#8243; background_enable_color__hover=\u00bbon\u00bb]<p><span style=\"font-weight: 400;\">En todos los eslabones de nuestra cadena log\u00edstica, trabajamos con un enfoque claro:<\/span><\/p>\n<p><b>garantizar la calidad del servicio, conservar los productos en sus condiciones \u00f3ptimas y respetar los tiempos de entrega acordados.<\/b><\/p>[\/dsm_card][\/et_pb_column][\/et_pb_row][\/et_pb_section][et_pb_section fb_built=\u00bb1&#8243; custom_padding_last_edited=\u00bbon|phone\u00bb next_background_color=\u00bb#fcfcfc\u00bb _builder_version=\u00bb4.27.0&#8243; _module_preset=\u00bbdefault\u00bb background_color=\u00bb#E2001A\u00bb background_image=\u00bbhttp:\/\/fruteco.es\/wp-content\/uploads\/2025\/11\/supermercado-fruteco.jpg\u00bb background_position=\u00bbtop_left\u00bb background_vertical_offset=\u00bb40%\u00bb custom_margin=\u00bb0px||0px||false|false\u00bb custom_padding=\u00bb170px||170px||true|false\u00bb custom_padding_tablet=\u00bb240px||120px||false|false\u00bb custom_padding_phone=\u00bb80px||80px||true|false\u00bb top_divider_style=\u00bbramp2&#8243; top_divider_color=\u00bb#FFFFFF\u00bb top_divider_height=\u00bb50px\u00bb top_divider_repeat=\u00bb1x\u00bb top_divider_flip=\u00bbvertical\u00bb bottom_divider_style=\u00bbramp2&#8243; bottom_divider_height=\u00bb50px\u00bb bottom_divider_flip=\u00bbhorizontal\u00bb global_colors_info=\u00bb{}\u00bb][et_pb_row column_structure=\u00bb3_5,2_5&#8243; use_custom_gutter=\u00bbon\u00bb gutter_width=\u00bb2&#8243; make_equal=\u00bbon\u00bb _builder_version=\u00bb4.27.0&#8243; _module_preset=\u00bbdefault\u00bb width=\u00bb90%\u00bb custom_margin=\u00bb0px|auto|1px|auto|false|false\u00bb custom_padding=\u00bb0px||5px||false|false\u00bb global_colors_info=\u00bb{}\u00bb][et_pb_column type=\u00bb3_5&#8243; _builder_version=\u00bb4.27.0&#8243; _module_preset=\u00bbdefault\u00bb background_color=\u00bbrgba(255,255,255,0.89)\u00bb custom_padding=\u00bb25px|25px|25px|25px|true|true\u00bb border_radii=\u00bbon|5px|5px|5px|5px\u00bb box_shadow_style=\u00bbpreset1&#8243; box_shadow_blur=\u00bb10px\u00bb box_shadow_color=\u00bbrgba(0,0,0,0.2)\u00bb global_colors_info=\u00bb{}\u00bb][et_pb_text _builder_version=\u00bb4.27.0&#8243; _module_preset=\u00bbdefault\u00bb header_2_text_align=\u00bbleft\u00bb header_2_text_color=\u00bb#E2001A\u00bb header_2_font_size=\u00bb40px\u00bb custom_margin=\u00bb0px||0px||false|false\u00bb custom_padding=\u00bb0px||0px||false|false\u00bb header_2_font_size_tablet=\u00bb40px\u00bb header_2_font_size_phone=\u00bb30px\u00bb header_2_font_size_last_edited=\u00bbon|phone\u00bb global_colors_info=\u00bb{}\u00bb]<h2>\u00bfEres una cadena de distribuci\u00f3n y buscas un proveedor de confianza?<\/h2>[\/et_pb_text][et_pb_text _builder_version=\u00bb4.27.0&#8243; _module_preset=\u00bbdefault\u00bb text_text_color=\u00bb#000000&#8243; text_font_size=\u00bb18px\u00bb text_line_height=\u00bb1.5em\u00bb custom_margin_tablet=\u00bb0px||0px|0px|false|false\u00bb custom_margin_phone=\u00bb0px||0px|0px|false|false\u00bb custom_margin_last_edited=\u00bbon|tablet\u00bb global_colors_info=\u00bb{}\u00bb]<p><b>Cont\u00e1ctanos y descubre c\u00f3mo Grupo Fruteco puede ser tu socio log\u00edstico hortofrut\u00edcola de confianza.<\/b><\/p>\n<p><i><span style=\"font-weight: 400;\">Desde el cosechero al consumidor final, pasando exclusivamente por el canal de la gran distribuci\u00f3n.<\/span><\/i><\/p>[\/et_pb_text][et_pb_button button_url=\u00bb#contacto\u00bb button_text=\u00bbCont\u00e1ctanos\u00bb button_alignment=\u00bbleft\u00bb _builder_version=\u00bb4.27.0&#8243; _module_preset=\u00bbdefault\u00bb custom_button=\u00bbon\u00bb button_text_size=\u00bb18px\u00bb button_text_color=\u00bb#FFFFFF\u00bb button_bg_color=\u00bb#009037&#8243; button_border_color=\u00bbRGBA(255,255,255,0)\u00bb button_border_radius=\u00bb15px\u00bb button_icon=\u00bb&#x45;||divi||400&#8243; custom_margin=\u00bb0px||0px||false|false\u00bb custom_padding=\u00bb15px|25px|15px|25px|true|true\u00bb box_shadow_style=\u00bbpreset3&#8243; locked=\u00bboff\u00bb global_colors_info=\u00bb{}\u00bb button_bg_color__hover_enabled=\u00bbon|desktop\u00bb button_bg_color__hover=\u00bb#5b8c51&#8243; button_bg_enable_color__hover=\u00bbon\u00bb button_text_color__hover_enabled=\u00bboff|desktop\u00bb button_text_color__hover=\u00bb#FFFFFF\u00bb button_letter_spacing__hover_enabled=\u00bboff|desktop\u00bb button_letter_spacing__hover=\u00bb0px\u00bb button_border_radius__hover_enabled=\u00bbon|desktop\u00bb button_border_radius__hover=\u00bb35px\u00bb][\/et_pb_button][\/et_pb_column][et_pb_column type=\u00bb2_5&#8243; _builder_version=\u00bb4.17.1&#8243; _module_preset=\u00bbdefault\u00bb custom_css_main_element=\u00bbmargin:auto;\u00bb global_colors_info=\u00bb{}\u00bb][\/et_pb_column][\/et_pb_row][\/et_pb_section]","protected":false},"excerpt":{"rendered":"<p>Del campo a la gran distribuci\u00f3n, con calidad garantizadaDesde 1997, en Grupo Fruteco trabajamos con un \u00fanico objetivo: ofrecer frutas y hortalizas frescas con la m\u00e1xima eficacia, calidad y trazabilidad, desde el origen hasta el consumidor final, a trav\u00e9s del canal exclusivo de la gran distribuci\u00f3n. Contamos con una s\u00f3lida red de cosecheros y empresas [&hellip;]<\/p>","protected":false},"author":2,"featured_media":0,"parent":0,"menu_order":0,"comment_status":"closed","ping_status":"closed","template":"","meta":{"_et_pb_use_builder":"on","_et_pb_old_content":"","_et_gb_content_width":"","footnotes":""},"class_list":["post-85","page","type-page","status-publish","hentry"],"yoast_head":"<!-- This site is optimized with the Yoast SEO plugin v26.8 - https:\/\/yoast.com\/product\/yoast-seo-wordpress\/ -->\n<title>Empresa - FRUTECO<\/title>\n<meta name=\"description\" content=\"En Grupo Fruteco trabajamos para ofrecer frutas y hortalizas frescas con la m\u00e1xima eficacia, calidad y trazabilidad, desde el origen hasta el consumidor final. Contando con una red log\u00edstica propia.\" \/>\n<meta name=\"robots\" content=\"index, follow, max-snippet:-1, max-image-preview:large, max-video-preview:-1\" \/>\n<link rel=\"canonical\" href=\"https:\/\/fruteco.es\/en\/red-logistica-propia\/\" \/>\n<meta property=\"og:locale\" content=\"en_GB\" \/>\n<meta property=\"og:type\" content=\"article\" \/>\n<meta property=\"og:title\" content=\"Empresa - FRUTECO\" \/>\n<meta property=\"og:description\" content=\"En Grupo Fruteco trabajamos para ofrecer frutas y hortalizas frescas con la m\u00e1xima eficacia, calidad y trazabilidad, desde el origen hasta el consumidor final. Contando con una red log\u00edstica propia.\" \/>\n<meta property=\"og:url\" content=\"https:\/\/fruteco.es\/en\/red-logistica-propia\/\" \/>\n<meta property=\"og:site_name\" content=\"FRUTECO\" \/>\n<meta property=\"article:modified_time\" content=\"2026-01-29T11:26:28+00:00\" \/>\n<meta name=\"twitter:card\" content=\"summary_large_image\" \/>\n<meta name=\"twitter:label1\" content=\"Estimated reading time\" \/>\n\t<meta name=\"twitter:data1\" content=\"3 minutes\" \/>\n<script type=\"application\/ld+json\" class=\"yoast-schema-graph\">{\"@context\":\"https:\/\/schema.org\",\"@graph\":[{\"@type\":\"WebPage\",\"@id\":\"https:\/\/fruteco.es\/red-logistica-propia\/\",\"url\":\"https:\/\/fruteco.es\/red-logistica-propia\/\",\"name\":\"Empresa - FRUTECO\",\"isPartOf\":{\"@id\":\"https:\/\/fruteco.es\/#website\"},\"datePublished\":\"2025-10-27T14:57:44+00:00\",\"dateModified\":\"2026-01-29T11:26:28+00:00\",\"description\":\"En Grupo Fruteco trabajamos para ofrecer frutas y hortalizas frescas con la m\u00e1xima eficacia, calidad y trazabilidad, desde el origen hasta el consumidor final. Contando con una red log\u00edstica propia.\",\"breadcrumb\":{\"@id\":\"https:\/\/fruteco.es\/red-logistica-propia\/#breadcrumb\"},\"inLanguage\":\"en-GB\",\"potentialAction\":[{\"@type\":\"ReadAction\",\"target\":[\"https:\/\/fruteco.es\/red-logistica-propia\/\"]}]},{\"@type\":\"BreadcrumbList\",\"@id\":\"https:\/\/fruteco.es\/red-logistica-propia\/#breadcrumb\",\"itemListElement\":[{\"@type\":\"ListItem\",\"position\":1,\"name\":\"Portada\",\"item\":\"https:\/\/fruteco.es\/\"},{\"@type\":\"ListItem\",\"position\":2,\"name\":\"Empresa\"}]},{\"@type\":\"WebSite\",\"@id\":\"https:\/\/fruteco.es\/#website\",\"url\":\"https:\/\/fruteco.es\/\",\"name\":\"FRUTECO\",\"description\":\"L&iacute;der en producci&oacute;n y comercializaci&oacute;n de productos hortofrut&iacute;colas frescos\",\"publisher\":{\"@id\":\"https:\/\/fruteco.es\/#organization\"},\"potentialAction\":[{\"@type\":\"SearchAction\",\"target\":{\"@type\":\"EntryPoint\",\"urlTemplate\":\"https:\/\/fruteco.es\/?s={search_term_string}\"},\"query-input\":{\"@type\":\"PropertyValueSpecification\",\"valueRequired\":true,\"valueName\":\"search_term_string\"}}],\"inLanguage\":\"en-GB\"},{\"@type\":\"Organization\",\"@id\":\"https:\/\/fruteco.es\/#organization\",\"name\":\"FRUTECO\",\"url\":\"https:\/\/fruteco.es\/\",\"logo\":{\"@type\":\"ImageObject\",\"inLanguage\":\"en-GB\",\"@id\":\"https:\/\/fruteco.es\/#\/schema\/logo\/image\/\",\"url\":\"https:\/\/fruteco.es\/wp-content\/uploads\/2025\/10\/fruteco.gif\",\"contentUrl\":\"https:\/\/fruteco.es\/wp-content\/uploads\/2025\/10\/fruteco.gif\",\"width\":300,\"height\":77,\"caption\":\"FRUTECO\"},\"image\":{\"@id\":\"https:\/\/fruteco.es\/#\/schema\/logo\/image\/\"}}]}<\/script>\n<!-- \/ Yoast SEO plugin. -->","yoast_head_json":{"title":"Empresa - FRUTECO","description":"En Grupo Fruteco trabajamos para ofrecer frutas y hortalizas frescas con la m\u00e1xima eficacia, calidad y trazabilidad, desde el origen hasta el consumidor final. Contando con una red log\u00edstica propia.","robots":{"index":"index","follow":"follow","max-snippet":"max-snippet:-1","max-image-preview":"max-image-preview:large","max-video-preview":"max-video-preview:-1"},"canonical":"https:\/\/fruteco.es\/en\/red-logistica-propia\/","og_locale":"en_GB","og_type":"article","og_title":"Empresa - FRUTECO","og_description":"En Grupo Fruteco trabajamos para ofrecer frutas y hortalizas frescas con la m\u00e1xima eficacia, calidad y trazabilidad, desde el origen hasta el consumidor final. Contando con una red log\u00edstica propia.","og_url":"https:\/\/fruteco.es\/en\/red-logistica-propia\/","og_site_name":"FRUTECO","article_modified_time":"2026-01-29T11:26:28+00:00","twitter_card":"summary_large_image","twitter_misc":{"Estimated reading time":"3 minutes"},"schema":{"@context":"https:\/\/schema.org","@graph":[{"@type":"WebPage","@id":"https:\/\/fruteco.es\/red-logistica-propia\/","url":"https:\/\/fruteco.es\/red-logistica-propia\/","name":"Empresa - FRUTECO","isPartOf":{"@id":"https:\/\/fruteco.es\/#website"},"datePublished":"2025-10-27T14:57:44+00:00","dateModified":"2026-01-29T11:26:28+00:00","description":"En Grupo Fruteco trabajamos para ofrecer frutas y hortalizas frescas con la m\u00e1xima eficacia, calidad y trazabilidad, desde el origen hasta el consumidor final. Contando con una red log\u00edstica propia.","breadcrumb":{"@id":"https:\/\/fruteco.es\/red-logistica-propia\/#breadcrumb"},"inLanguage":"en-GB","potentialAction":[{"@type":"ReadAction","target":["https:\/\/fruteco.es\/red-logistica-propia\/"]}]},{"@type":"BreadcrumbList","@id":"https:\/\/fruteco.es\/red-logistica-propia\/#breadcrumb","itemListElement":[{"@type":"ListItem","position":1,"name":"Portada","item":"https:\/\/fruteco.es\/"},{"@type":"ListItem","position":2,"name":"Empresa"}]},{"@type":"WebSite","@id":"https:\/\/fruteco.es\/#website","url":"https:\/\/fruteco.es\/","name":"FRUTECO","description":"L&iacute;der en producci&oacute;n y comercializaci&oacute;n de productos hortofrut&iacute;colas frescos","publisher":{"@id":"https:\/\/fruteco.es\/#organization"},"potentialAction":[{"@type":"SearchAction","target":{"@type":"EntryPoint","urlTemplate":"https:\/\/fruteco.es\/?s={search_term_string}"},"query-input":{"@type":"PropertyValueSpecification","valueRequired":true,"valueName":"search_term_string"}}],"inLanguage":"en-GB"},{"@type":"Organization","@id":"https:\/\/fruteco.es\/#organization","name":"FRUTECO","url":"https:\/\/fruteco.es\/","logo":{"@type":"ImageObject","inLanguage":"en-GB","@id":"https:\/\/fruteco.es\/#\/schema\/logo\/image\/","url":"https:\/\/fruteco.es\/wp-content\/uploads\/2025\/10\/fruteco.gif","contentUrl":"https:\/\/fruteco.es\/wp-content\/uploads\/2025\/10\/fruteco.gif","width":300,"height":77,"caption":"FRUTECO"},"image":{"@id":"https:\/\/fruteco.es\/#\/schema\/logo\/image\/"}}]}},"_links":{"self":[{"href":"https:\/\/fruteco.es\/en\/wp-json\/wp\/v2\/pages\/85","targetHints":{"allow":["GET"]}}],"collection":[{"href":"https:\/\/fruteco.es\/en\/wp-json\/wp\/v2\/pages"}],"about":[{"href":"https:\/\/fruteco.es\/en\/wp-json\/wp\/v2\/types\/page"}],"author":[{"embeddable":true,"href":"https:\/\/fruteco.es\/en\/wp-json\/wp\/v2\/users\/2"}],"replies":[{"embeddable":true,"href":"https:\/\/fruteco.es\/en\/wp-json\/wp\/v2\/comments?post=85"}],"version-history":[{"count":12,"href":"https:\/\/fruteco.es\/en\/wp-json\/wp\/v2\/pages\/85\/revisions"}],"predecessor-version":[{"id":459,"href":"https:\/\/fruteco.es\/en\/wp-json\/wp\/v2\/pages\/85\/revisions\/459"}],"wp:attachment":[{"href":"https:\/\/fruteco.es\/en\/wp-json\/wp\/v2\/media?parent=85"}],"curies":[{"name":"wp","href":"https:\/\/api.w.org\/{rel}","templated":true}]}}