{"id":297,"date":"2025-11-28T15:57:36","date_gmt":"2025-11-28T15:57:36","guid":{"rendered":"https:\/\/fruteco.es\/?page_id=297"},"modified":"2025-11-28T16:02:51","modified_gmt":"2025-11-28T16:02:51","slug":"pomelos","status":"publish","type":"page","link":"https:\/\/fruteco.es\/en\/pomelos\/","title":{"rendered":"Pomelos"},"content":{"rendered":"<p>[et_pb_section fb_built=\u00bb1&#8243; custom_padding_last_edited=\u00bbon|phone\u00bb _builder_version=\u00bb4.27.0&#8243; _module_preset=\u00bbdefault\u00bb use_background_color_gradient=\u00bbon\u00bb background_color_gradient_stops=\u00bbrgba(35,42,33,0.4) 0%|rgba(35,42,33,0.4) 100%\u00bb background_color_gradient_overlays_image=\u00bbon\u00bb background_image=\u00bbhttp:\/\/fruteco.es\/wp-content\/uploads\/2025\/11\/5647.jpg\u00bb custom_margin=\u00bb0px||0px||false|false\u00bb custom_padding=\u00bb120px||120px||true|false\u00bb custom_padding_tablet=\u00bb140px||140px||true|false\u00bb custom_padding_phone=\u00bb110px||110px||true|false\u00bb top_divider_height=\u00bb50px\u00bb top_divider_flip=\u00bbvertical\u00bb bottom_divider_style=\u00bbramp\u00bb bottom_divider_color=\u00bb#FFFFFF\u00bb bottom_divider_height=\u00bb50px\u00bb bottom_divider_flip=\u00bbvertical\u00bb global_colors_info=\u00bb{}\u00bb][et_pb_row column_structure=\u00bb3_5,2_5&#8243; _builder_version=\u00bb4.27.0&#8243; _module_preset=\u00bbdefault\u00bb width=\u00bb90%\u00bb custom_margin=\u00bb0px||0px||true|false\u00bb custom_padding=\u00bb0px||0px||false|false\u00bb animation_style=\u00bbslide\u00bb animation_direction=\u00bbleft\u00bb global_colors_info=\u00bb{}\u00bb][et_pb_column type=\u00bb3_5&#8243; _builder_version=\u00bb4.17.1&#8243; _module_preset=\u00bbdefault\u00bb global_colors_info=\u00bb{}\u00bb][et_pb_text _builder_version=\u00bb4.27.0&#8243; _dynamic_attributes=\u00bbcontent\u00bb _module_preset=\u00bbdefault\u00bb text_font=\u00bb&#8211;et_global_heading_font||on||||||\u00bb text_text_color=\u00bb#FFFFFF\u00bb text_font_size=\u00bb60px\u00bb header_font=\u00bb||on||||||\u00bb header_text_align=\u00bbleft\u00bb header_text_color=\u00bb#FFFFFF\u00bb header_font_size=\u00bb60px\u00bb custom_margin=\u00bb-6px||46px||false|false\u00bb custom_padding=\u00bb0px||0px||false|false\u00bb header_font_size_tablet=\u00bb60px\u00bb header_font_size_phone=\u00bb38px\u00bb header_font_size_last_edited=\u00bbon|tablet\u00bb header_text_shadow_style=\u00bbpreset3&#8243; global_colors_info=\u00bb{}\u00bb]@ET-DC@eyJkeW5hbWljIjp0cnVlLCJjb250ZW50IjoicG9zdF90aXRsZSIsInNldHRpbmdzIjp7ImJlZm9yZSI6IiIsImFmdGVyIjoiIn19@[\/et_pb_text][et_pb_text _builder_version=\u00bb4.27.0&#8243; _module_preset=\u00bbdefault\u00bb text_text_color=\u00bb#FFFFFF\u00bb text_font_size=\u00bb18px\u00bb global_colors_info=\u00bb{}\u00bb]<\/p>\n<p><span>En\u00a0<\/span><strong>grupo FRUTECO<\/strong><span>\u00a0disponemos de una amplia variedad de mandarinas para su comercializaci\u00f3n clasificados en varios grupos, donde encontramos:<\/span><\/p>\n<p>[\/et_pb_text][\/et_pb_column][et_pb_column type=\u00bb2_5&#8243; _builder_version=\u00bb4.17.1&#8243; _module_preset=\u00bbdefault\u00bb global_colors_info=\u00bb{}\u00bb][\/et_pb_column][\/et_pb_row][\/et_pb_section][et_pb_section fb_built=\u00bb1&#8243; _builder_version=\u00bb4.27.0&#8243; _module_preset=\u00bbdefault\u00bb custom_padding=\u00bb0px|||||\u00bb global_colors_info=\u00bb{}\u00bb][et_pb_row column_structure=\u00bb2_3,1_3&#8243; use_custom_gutter=\u00bbon\u00bb gutter_width=\u00bb2&#8243; _builder_version=\u00bb4.27.0&#8243; _module_preset=\u00bbdefault\u00bb width=\u00bb90%\u00bb global_colors_info=\u00bb{}\u00bb][et_pb_column type=\u00bb2_3&#8243; _builder_version=\u00bb4.27.0&#8243; _module_preset=\u00bbdefault\u00bb global_colors_info=\u00bb{}\u00bb][et_pb_text _builder_version=\u00bb4.27.0&#8243; _module_preset=\u00bbdefault\u00bb header_2_font=\u00bb||on|on|||||\u00bb header_2_text_align=\u00bbleft\u00bb header_2_text_color=\u00bb#000000&#8243; header_2_font_size=\u00bb30px\u00bb header_2_line_height=\u00bb1.2em\u00bb header_2_font_size_tablet=\u00bb40px\u00bb header_2_font_size_phone=\u00bb30px\u00bb header_2_font_size_last_edited=\u00bboff|desktop\u00bb global_colors_info=\u00bb{}\u00bb]<\/p>\n<h2>Variedades<\/h2>\n<p>[\/et_pb_text][dsm_card title=\u00bbRed Blusa\u00bb layout=\u00bbinline\u00bb layout_inline_image_width=\u00bb35%\u00bb content_horizontal_alignment=\u00bbflex-start\u00bb image=\u00bbhttp:\/\/fruteco.es\/wp-content\/uploads\/2025\/11\/pomelo.jpg\u00bb image_background_animation_speed=\u00bb1500ms\u00bb button_url_new_window=\u00bb1&#8243; layout_tablet=\u00bbinline\u00bb layout_phone=\u00bbstacked\u00bb layout_last_edited=\u00bbon|phone\u00bb _builder_version=\u00bb4.27.0&#8243; _module_preset=\u00bbdefault\u00bb header_level=\u00bbh3&#8243; header_text_align=\u00bbleft\u00bb header_text_color=\u00bb#E2001A\u00bb header_font_size=\u00bb25px\u00bb body_text_color=\u00bb#000000&#8243; body_line_height=\u00bb1.4em\u00bb border_radii=\u00bbon|5px|5px|5px|5px\u00bb border_width_all=\u00bb5px\u00bb border_color_all=\u00bb#FFFFFF\u00bb box_shadow_style=\u00bbpreset1&#8243; box_shadow_blur=\u00bb10px\u00bb box_shadow_color=\u00bbrgba(0,0,0,0.1)\u00bb locked=\u00bboff\u00bb global_colors_info=\u00bb{}\u00bb background__hover_enabled=\u00bboff|desktop\u00bb background_color__hover=\u00bb#009037&#8243; background_enable_color__hover=\u00bbon\u00bb][\/dsm_card][dsm_card title=\u00bbMarsh\u00bb layout=\u00bbinline\u00bb layout_inline_image_width=\u00bb35%\u00bb content_horizontal_alignment=\u00bbflex-start\u00bb image=\u00bbhttp:\/\/fruteco.es\/wp-content\/uploads\/2025\/11\/pomelo.jpg\u00bb image_background_animation_speed=\u00bb1500ms\u00bb button_url_new_window=\u00bb1&#8243; layout_tablet=\u00bbinline\u00bb layout_phone=\u00bbstacked\u00bb layout_last_edited=\u00bbon|phone\u00bb _builder_version=\u00bb4.27.0&#8243; _module_preset=\u00bbdefault\u00bb header_level=\u00bbh3&#8243; header_text_align=\u00bbleft\u00bb header_text_color=\u00bb#E2001A\u00bb header_font_size=\u00bb25px\u00bb body_text_color=\u00bb#000000&#8243; body_line_height=\u00bb1.4em\u00bb border_radii=\u00bbon|5px|5px|5px|5px\u00bb border_width_all=\u00bb5px\u00bb border_color_all=\u00bb#FFFFFF\u00bb box_shadow_style=\u00bbpreset1&#8243; box_shadow_blur=\u00bb10px\u00bb box_shadow_color=\u00bbrgba(0,0,0,0.1)\u00bb locked=\u00bboff\u00bb global_colors_info=\u00bb{}\u00bb background__hover_enabled=\u00bboff|desktop\u00bb background_color__hover=\u00bb#009037&#8243; background_enable_color__hover=\u00bbon\u00bb][\/dsm_card][dsm_card title=\u00bbStar Ruby\u00bb layout=\u00bbinline\u00bb layout_inline_image_width=\u00bb35%\u00bb content_horizontal_alignment=\u00bbflex-start\u00bb image=\u00bbhttp:\/\/fruteco.es\/wp-content\/uploads\/2025\/11\/pomelo.jpg\u00bb image_background_animation_speed=\u00bb1500ms\u00bb button_url_new_window=\u00bb1&#8243; layout_tablet=\u00bbinline\u00bb layout_phone=\u00bbstacked\u00bb layout_last_edited=\u00bbon|phone\u00bb _builder_version=\u00bb4.27.0&#8243; _module_preset=\u00bbdefault\u00bb header_level=\u00bbh3&#8243; header_text_align=\u00bbleft\u00bb header_text_color=\u00bb#E2001A\u00bb header_font_size=\u00bb25px\u00bb body_text_color=\u00bb#000000&#8243; body_line_height=\u00bb1.4em\u00bb border_radii=\u00bbon|5px|5px|5px|5px\u00bb border_width_all=\u00bb5px\u00bb border_color_all=\u00bb#FFFFFF\u00bb box_shadow_style=\u00bbpreset1&#8243; box_shadow_blur=\u00bb10px\u00bb box_shadow_color=\u00bbrgba(0,0,0,0.1)\u00bb locked=\u00bboff\u00bb global_colors_info=\u00bb{}\u00bb background__hover_enabled=\u00bboff|desktop\u00bb background_color__hover=\u00bb#009037&#8243; background_enable_color__hover=\u00bbon\u00bb][\/dsm_card][\/et_pb_column][et_pb_column type=\u00bb1_3&#8243; _builder_version=\u00bb4.27.0&#8243; _module_preset=\u00bbdefault\u00bb background_color=\u00bbrgba(0,144,55,0.24)\u00bb custom_padding=\u00bb15px|15px|15px|15px|true|true\u00bb border_radii=\u00bbon|10px|10px|10px|10px\u00bb global_colors_info=\u00bb{}\u00bb][et_pb_text _builder_version=\u00bb4.27.0&#8243; _module_preset=\u00bbdefault\u00bb header_2_font=\u00bb||on|on|||||\u00bb header_2_text_align=\u00bbleft\u00bb header_2_text_color=\u00bb#000000&#8243; header_2_font_size=\u00bb20px\u00bb header_2_line_height=\u00bb1.2em\u00bb custom_margin=\u00bb||4px|||\u00bb header_2_font_size_tablet=\u00bb40px\u00bb header_2_font_size_phone=\u00bb30px\u00bb header_2_font_size_last_edited=\u00bboff|desktop\u00bb global_colors_info=\u00bb{}\u00bb]<\/p>\n<h2>Normas de Calibrado<\/h2>\n<p>[\/et_pb_text][et_pb_text _builder_version=\u00bb4.27.0&#8243; _module_preset=\u00bbdefault\u00bb custom_padding=\u00bb||0px|||\u00bb global_colors_info=\u00bb{}\u00bb]<\/p>\n<p>Esta fruta proviene del continente americano, centrando sus or\u00edgenes en Texas y Florida.<br \/>Dependiendo de la clasificaci\u00f3n anterior obtenemos frutos de un tama\u00f1o peque\u00f1o o grande, con abundantes semillas o sin ninguna, con una<span>\u00a0<\/span><strong>corteza<span>\u00a0<\/span><\/strong>mas o menos amarillenta y una<span>\u00a0<\/span><strong>pulpa<\/strong><span>\u00a0<\/span>ros\u00e1cea o rojiza.<br \/>Adem\u00e1s los \u00e1rboles son de gran tama\u00f1o y vigor.<\/p>\n<p>As\u00ed tambi\u00e9n seg\u00fan la variedad su recolecci\u00f3n puede variar, aunque \u00e9sta se centra en los meses<span>\u00a0<\/span><strong>finales del a\u00f1o<\/strong><span>\u00a0<\/span>(desde octubre hasta diciembre).<\/p>\n<p>[\/et_pb_text][et_pb_text _builder_version=\u00bb4.27.0&#8243; _module_preset=\u00bbdefault\u00bb header_2_font=\u00bb||on|on|||||\u00bb header_2_text_align=\u00bbleft\u00bb header_2_text_color=\u00bb#000000&#8243; header_2_font_size=\u00bb20px\u00bb header_2_line_height=\u00bb1.2em\u00bb custom_margin=\u00bb||4px|||\u00bb locked=\u00bboff\u00bb global_colors_info=\u00bb{}\u00bb]<\/p>\n<h2>Normas de calidad<\/h2>\n<p>[\/et_pb_text][et_pb_blurb title=\u00bbCalidad\u00bb use_icon=\u00bbon\u00bb font_icon=\u00bb&#xe033;||divi||400&#8243; icon_color=\u00bb#009037&#8243; image_icon_background_color=\u00bb#FFFFFF\u00bb icon_placement=\u00bbleft\u00bb image_icon_width=\u00bb18px\u00bb _builder_version=\u00bb4.27.0&#8243; _module_preset=\u00bbdefault\u00bb header_text_color=\u00bb#009037&#8243; header_font_size=\u00bb20px\u00bb body_text_color=\u00bb#000000&#8243; body_line_height=\u00bb1.1em\u00bb body_ul_font_size=\u00bb15px\u00bb body_ul_line_height=\u00bb1.3em\u00bb custom_margin=\u00bb||0px||false|false\u00bb custom_padding=\u00bb||0px||false|false\u00bb border_radii_image=\u00bbon|15px|15px|15px|15px\u00bb border_width_all_image=\u00bb3px\u00bb border_color_all_image=\u00bb#FFFFFF\u00bb global_colors_info=\u00bb{}\u00bb locked=\u00bboff\u00bb]<\/p>\n<p>Aspectos a tener en cuenta de la producci\u00f3n y recolecci\u00f3n son el cumplimiento de la normativa:<\/p>\n<ul>\n<li>Recolectar los frutos en su punto de<span>\u00a0<\/span><strong>madurez<\/strong>, para que lleguen en condiciones \u00f3ptimas y de calidad al consumidor.<\/li>\n<li>Mantener un rango m\u00ednimo de<span>\u00a0<\/span><strong>calibre<\/strong><span>\u00a0<\/span>para la elecci\u00f3n de los productos.<\/li>\n<li>Una<span>\u00a0<\/span><strong>coloraci\u00f3n<\/strong><span>\u00a0<\/span>adecuada del producto.<\/li>\n<li>Una cantidad de<strong><span>\u00a0<\/span>zumo<\/strong><span>\u00a0<\/span>acorde con el producto en cuesti\u00f3n.<\/li>\n<li>Control de los<span>\u00a0<\/span><strong>defectos<span>\u00a0<\/span><\/strong>sobre los productos para evitar lesiones a los productos que reduzcan su calidad y propicien infecciones de pat\u00f3genos causantes de podredumbres.<\/li>\n<li>Un embalaje y presentaci\u00f3n adecuada, primando el orden y homogeneidad, para contribuir a crear un aspecto m\u00e1s atrayente de la mercanc\u00eda.<\/li>\n<\/ul>\n<p>[\/et_pb_blurb][\/et_pb_column][\/et_pb_row][\/et_pb_section]<\/p>","protected":false},"excerpt":{"rendered":"<p>En\u00a0grupo FRUTECO\u00a0disponemos de una amplia variedad de mandarinas para su comercializaci\u00f3n clasificados en varios grupos, donde encontramos:Variedades<div class=\"et_pb_with_border et_pb_module dsm_card dsm_card_0 et_pb_bg_layout_light  dsm_card_layout_inline dsm_card_phone_layout_stacked\">\n\t\t\t\t\n\t\t\t\t\n\t\t\t\t\n\t\t\t\t\n\t\t\t\t\n\t\t\t\t\n\t\t\t\t<div class=\"et_pb_module_inner\">\n\t\t\t\t\t\n\t\t\t\n\t\t\t<figure class=\"dsm_card_image_wrapper dsm_card_badge_top_right\"><div class=\"dsm_card_image_background dsm_card_img\"><\/div><\/figure>\n\t\t\t<div class=\"et_pb_module dsm_card_wrapper et_pb_text_align_left\">\n\t\t\t\t\t\n\t\t\t\t\t<h3 class=\"dsm_card_title et_pb_module_header\">Red Blusa<\/h3>\n\t\t\t\t\t\n\t\t\t\t\t\n\t\t\t\t\t\n\t\t\t\t<\/div>\n\t\t\t\n\t\t\t\t<\/div>\n\t\t\t<\/div><div class=\"et_pb_module dsm_card dsm_card_1 et_pb_bg_layout_light  dsm_card_layout_\u00bbinline\u00bb\">\n\t\t\t\t\n\t\t\t\t\n\t\t\t\t\n\t\t\t\t\n\t\t\t\t\n\t\t\t\t\n\t\t\t\t<div class=\"et_pb_module_inner\">\n\t\t\t\t\t\n\t\t\t\n\t\t\t<figure class=\"dsm_card_image_wrapper dsm_card_badge_top_right\"><div class=\"dsm_card_image_background dsm_card_img\"><\/div><\/figure>\n\t\t\t<div class=\"et_pb_module dsm_card_wrapper et_pb_text_align_left\">\n\t\t\t\t\t\n\t\t\t\t\t<h4 class=\"dsm_card_title et_pb_module_header\">\u00bbMarsh\u00bb<\/h4>\n\t\t\t\t\t\n\t\t\t\t\t\n\t\t\t\t\t\n\t\t\t\t<\/div>\n\t\t\t\n\t\t\t\t<\/div>\n\t\t\t<\/div><\/p>","protected":false},"author":2,"featured_media":0,"parent":0,"menu_order":0,"comment_status":"closed","ping_status":"closed","template":"","meta":{"_et_pb_use_builder":"on","_et_pb_old_content":"","_et_gb_content_width":"","footnotes":""},"class_list":["post-297","page","type-page","status-publish","hentry"],"yoast_head":"<!-- This site is optimized with the Yoast SEO plugin v26.8 - https:\/\/yoast.com\/product\/yoast-seo-wordpress\/ -->\n<title>Pomelos - FRUTECO<\/title>\n<meta name=\"robots\" content=\"index, follow, max-snippet:-1, max-image-preview:large, max-video-preview:-1\" \/>\n<link rel=\"canonical\" href=\"https:\/\/fruteco.es\/en\/pomelos\/\" \/>\n<meta property=\"og:locale\" content=\"en_GB\" \/>\n<meta property=\"og:type\" content=\"article\" \/>\n<meta property=\"og:title\" content=\"Pomelos - FRUTECO\" \/>\n<meta property=\"og:description\" content=\"En\u00a0grupo FRUTECO\u00a0disponemos de una amplia variedad de mandarinas para su comercializaci\u00f3n clasificados en varios grupos, donde encontramos:Variedades\" \/>\n<meta property=\"og:url\" content=\"https:\/\/fruteco.es\/en\/pomelos\/\" \/>\n<meta property=\"og:site_name\" content=\"FRUTECO\" \/>\n<meta property=\"article:modified_time\" content=\"2025-11-28T16:02:51+00:00\" \/>\n<meta name=\"twitter:card\" content=\"summary_large_image\" \/>\n<meta name=\"twitter:label1\" content=\"Estimated reading time\" \/>\n\t<meta name=\"twitter:data1\" content=\"6 minutes\" \/>\n<script type=\"application\/ld+json\" class=\"yoast-schema-graph\">{\"@context\":\"https:\/\/schema.org\",\"@graph\":[{\"@type\":\"WebPage\",\"@id\":\"https:\/\/fruteco.es\/pomelos\/\",\"url\":\"https:\/\/fruteco.es\/pomelos\/\",\"name\":\"Pomelos - FRUTECO\",\"isPartOf\":{\"@id\":\"https:\/\/fruteco.es\/#website\"},\"datePublished\":\"2025-11-28T15:57:36+00:00\",\"dateModified\":\"2025-11-28T16:02:51+00:00\",\"breadcrumb\":{\"@id\":\"https:\/\/fruteco.es\/pomelos\/#breadcrumb\"},\"inLanguage\":\"en-GB\",\"potentialAction\":[{\"@type\":\"ReadAction\",\"target\":[\"https:\/\/fruteco.es\/pomelos\/\"]}]},{\"@type\":\"BreadcrumbList\",\"@id\":\"https:\/\/fruteco.es\/pomelos\/#breadcrumb\",\"itemListElement\":[{\"@type\":\"ListItem\",\"position\":1,\"name\":\"Portada\",\"item\":\"https:\/\/fruteco.es\/\"},{\"@type\":\"ListItem\",\"position\":2,\"name\":\"Pomelos\"}]},{\"@type\":\"WebSite\",\"@id\":\"https:\/\/fruteco.es\/#website\",\"url\":\"https:\/\/fruteco.es\/\",\"name\":\"FRUTECO\",\"description\":\"L&iacute;der en producci&oacute;n y comercializaci&oacute;n de productos hortofrut&iacute;colas frescos\",\"publisher\":{\"@id\":\"https:\/\/fruteco.es\/#organization\"},\"potentialAction\":[{\"@type\":\"SearchAction\",\"target\":{\"@type\":\"EntryPoint\",\"urlTemplate\":\"https:\/\/fruteco.es\/?s={search_term_string}\"},\"query-input\":{\"@type\":\"PropertyValueSpecification\",\"valueRequired\":true,\"valueName\":\"search_term_string\"}}],\"inLanguage\":\"en-GB\"},{\"@type\":\"Organization\",\"@id\":\"https:\/\/fruteco.es\/#organization\",\"name\":\"FRUTECO\",\"url\":\"https:\/\/fruteco.es\/\",\"logo\":{\"@type\":\"ImageObject\",\"inLanguage\":\"en-GB\",\"@id\":\"https:\/\/fruteco.es\/#\/schema\/logo\/image\/\",\"url\":\"https:\/\/fruteco.es\/wp-content\/uploads\/2025\/10\/fruteco.gif\",\"contentUrl\":\"https:\/\/fruteco.es\/wp-content\/uploads\/2025\/10\/fruteco.gif\",\"width\":300,\"height\":77,\"caption\":\"FRUTECO\"},\"image\":{\"@id\":\"https:\/\/fruteco.es\/#\/schema\/logo\/image\/\"}}]}<\/script>\n<!-- \/ Yoast SEO plugin. -->","yoast_head_json":{"title":"Pomelos - FRUTECO","robots":{"index":"index","follow":"follow","max-snippet":"max-snippet:-1","max-image-preview":"max-image-preview:large","max-video-preview":"max-video-preview:-1"},"canonical":"https:\/\/fruteco.es\/en\/pomelos\/","og_locale":"en_GB","og_type":"article","og_title":"Pomelos - FRUTECO","og_description":"En\u00a0grupo FRUTECO\u00a0disponemos de una amplia variedad de mandarinas para su comercializaci\u00f3n clasificados en varios grupos, donde encontramos:Variedades","og_url":"https:\/\/fruteco.es\/en\/pomelos\/","og_site_name":"FRUTECO","article_modified_time":"2025-11-28T16:02:51+00:00","twitter_card":"summary_large_image","twitter_misc":{"Estimated reading time":"6 minutes"},"schema":{"@context":"https:\/\/schema.org","@graph":[{"@type":"WebPage","@id":"https:\/\/fruteco.es\/pomelos\/","url":"https:\/\/fruteco.es\/pomelos\/","name":"Pomelos - FRUTECO","isPartOf":{"@id":"https:\/\/fruteco.es\/#website"},"datePublished":"2025-11-28T15:57:36+00:00","dateModified":"2025-11-28T16:02:51+00:00","breadcrumb":{"@id":"https:\/\/fruteco.es\/pomelos\/#breadcrumb"},"inLanguage":"en-GB","potentialAction":[{"@type":"ReadAction","target":["https:\/\/fruteco.es\/pomelos\/"]}]},{"@type":"BreadcrumbList","@id":"https:\/\/fruteco.es\/pomelos\/#breadcrumb","itemListElement":[{"@type":"ListItem","position":1,"name":"Portada","item":"https:\/\/fruteco.es\/"},{"@type":"ListItem","position":2,"name":"Pomelos"}]},{"@type":"WebSite","@id":"https:\/\/fruteco.es\/#website","url":"https:\/\/fruteco.es\/","name":"FRUTECO","description":"L&iacute;der en producci&oacute;n y comercializaci&oacute;n de productos hortofrut&iacute;colas frescos","publisher":{"@id":"https:\/\/fruteco.es\/#organization"},"potentialAction":[{"@type":"SearchAction","target":{"@type":"EntryPoint","urlTemplate":"https:\/\/fruteco.es\/?s={search_term_string}"},"query-input":{"@type":"PropertyValueSpecification","valueRequired":true,"valueName":"search_term_string"}}],"inLanguage":"en-GB"},{"@type":"Organization","@id":"https:\/\/fruteco.es\/#organization","name":"FRUTECO","url":"https:\/\/fruteco.es\/","logo":{"@type":"ImageObject","inLanguage":"en-GB","@id":"https:\/\/fruteco.es\/#\/schema\/logo\/image\/","url":"https:\/\/fruteco.es\/wp-content\/uploads\/2025\/10\/fruteco.gif","contentUrl":"https:\/\/fruteco.es\/wp-content\/uploads\/2025\/10\/fruteco.gif","width":300,"height":77,"caption":"FRUTECO"},"image":{"@id":"https:\/\/fruteco.es\/#\/schema\/logo\/image\/"}}]}},"_links":{"self":[{"href":"https:\/\/fruteco.es\/en\/wp-json\/wp\/v2\/pages\/297","targetHints":{"allow":["GET"]}}],"collection":[{"href":"https:\/\/fruteco.es\/en\/wp-json\/wp\/v2\/pages"}],"about":[{"href":"https:\/\/fruteco.es\/en\/wp-json\/wp\/v2\/types\/page"}],"author":[{"embeddable":true,"href":"https:\/\/fruteco.es\/en\/wp-json\/wp\/v2\/users\/2"}],"replies":[{"embeddable":true,"href":"https:\/\/fruteco.es\/en\/wp-json\/wp\/v2\/comments?post=297"}],"version-history":[{"count":4,"href":"https:\/\/fruteco.es\/en\/wp-json\/wp\/v2\/pages\/297\/revisions"}],"predecessor-version":[{"id":305,"href":"https:\/\/fruteco.es\/en\/wp-json\/wp\/v2\/pages\/297\/revisions\/305"}],"wp:attachment":[{"href":"https:\/\/fruteco.es\/en\/wp-json\/wp\/v2\/media?parent=297"}],"curies":[{"name":"wp","href":"https:\/\/api.w.org\/{rel}","templated":true}]}}