{"id":222,"date":"2025-11-03T16:19:19","date_gmt":"2025-11-03T16:19:19","guid":{"rendered":"https:\/\/fruteco.es\/?page_id=222"},"modified":"2025-11-03T16:23:53","modified_gmt":"2025-11-03T16:23:53","slug":"pepino","status":"publish","type":"page","link":"https:\/\/fruteco.es\/en\/pepino\/","title":{"rendered":"Pepino"},"content":{"rendered":"<p>[et_pb_section fb_built=\u00bb1&#8243; custom_padding_last_edited=\u00bbon|phone\u00bb _builder_version=\u00bb4.27.0&#8243; _module_preset=\u00bbdefault\u00bb use_background_color_gradient=\u00bbon\u00bb background_color_gradient_stops=\u00bbrgba(35,42,33,0.4) 0%|rgba(35,42,33,0.4) 100%\u00bb background_color_gradient_overlays_image=\u00bbon\u00bb background_image=\u00bbhttp:\/\/fruteco.es\/wp-content\/uploads\/2025\/11\/1267.jpg\u00bb custom_margin=\u00bb0px||0px||false|false\u00bb custom_padding=\u00bb120px||120px||true|false\u00bb custom_padding_tablet=\u00bb140px||140px||true|false\u00bb custom_padding_phone=\u00bb110px||110px||true|false\u00bb top_divider_height=\u00bb50px\u00bb top_divider_flip=\u00bbvertical\u00bb bottom_divider_style=\u00bbramp\u00bb bottom_divider_color=\u00bb#FFFFFF\u00bb bottom_divider_height=\u00bb50px\u00bb bottom_divider_flip=\u00bbvertical\u00bb hover_enabled=\u00bb0&#8243; global_colors_info=\u00bb{}\u00bb theme_builder_area=\u00bbpost_content\u00bb title_text=\u00bb1267&#8243; sticky_enabled=\u00bb0&#8243;][et_pb_row column_structure=\u00bb3_5,2_5&#8243; _builder_version=\u00bb4.27.0&#8243; _module_preset=\u00bbdefault\u00bb width=\u00bb90%\u00bb custom_margin=\u00bb0px||0px||true|false\u00bb custom_padding=\u00bb0px||0px||false|false\u00bb animation_style=\u00bbslide\u00bb animation_direction=\u00bbleft\u00bb global_colors_info=\u00bb{}\u00bb theme_builder_area=\u00bbpost_content\u00bb][et_pb_column type=\u00bb3_5&#8243; _builder_version=\u00bb4.17.1&#8243; _module_preset=\u00bbdefault\u00bb global_colors_info=\u00bb{}\u00bb theme_builder_area=\u00bbpost_content\u00bb][et_pb_text _builder_version=\u00bb4.27.0&#8243; _dynamic_attributes=\u00bbcontent\u00bb _module_preset=\u00bbdefault\u00bb text_font=\u00bb&#8211;et_global_heading_font||on||||||\u00bb text_text_color=\u00bb#FFFFFF\u00bb text_font_size=\u00bb60px\u00bb header_font=\u00bb||on||||||\u00bb header_text_align=\u00bbleft\u00bb header_text_color=\u00bb#FFFFFF\u00bb header_font_size=\u00bb60px\u00bb custom_margin=\u00bb-6px||46px||false|false\u00bb custom_padding=\u00bb0px||0px||false|false\u00bb header_font_size_tablet=\u00bb60px\u00bb header_font_size_phone=\u00bb38px\u00bb header_font_size_last_edited=\u00bbon|tablet\u00bb header_text_shadow_style=\u00bbpreset3&#8243; global_colors_info=\u00bb{}\u00bb theme_builder_area=\u00bbpost_content\u00bb]@ET-DC@eyJkeW5hbWljIjp0cnVlLCJjb250ZW50IjoicG9zdF90aXRsZSIsInNldHRpbmdzIjp7ImJlZm9yZSI6IiIsImFmdGVyIjoiIn19@[\/et_pb_text][\/et_pb_column][et_pb_column type=\u00bb2_5&#8243; _builder_version=\u00bb4.17.1&#8243; _module_preset=\u00bbdefault\u00bb global_colors_info=\u00bb{}\u00bb theme_builder_area=\u00bbpost_content\u00bb][\/et_pb_column][\/et_pb_row][\/et_pb_section][et_pb_section fb_built=\u00bb1&#8243; _builder_version=\u00bb4.27.0&#8243; _module_preset=\u00bbdefault\u00bb custom_padding=\u00bb0px|||||\u00bb global_colors_info=\u00bb{}\u00bb theme_builder_area=\u00bbpost_content\u00bb][et_pb_row column_structure=\u00bb2_3,1_3&#8243; use_custom_gutter=\u00bbon\u00bb gutter_width=\u00bb2&#8243; _builder_version=\u00bb4.27.0&#8243; _module_preset=\u00bbdefault\u00bb width=\u00bb90%\u00bb global_colors_info=\u00bb{}\u00bb theme_builder_area=\u00bbpost_content\u00bb][et_pb_column type=\u00bb2_3&#8243; _builder_version=\u00bb4.27.0&#8243; _module_preset=\u00bbdefault\u00bb global_colors_info=\u00bb{}\u00bb theme_builder_area=\u00bbpost_content\u00bb][et_pb_text _builder_version=\u00bb4.27.0&#8243; _module_preset=\u00bbdefault\u00bb header_2_font=\u00bb||on|on|||||\u00bb header_2_text_align=\u00bbleft\u00bb header_2_text_color=\u00bb#000000&#8243; header_2_font_size=\u00bb30px\u00bb header_2_line_height=\u00bb1.2em\u00bb header_2_font_size_tablet=\u00bb40px\u00bb header_2_font_size_phone=\u00bb30px\u00bb header_2_font_size_last_edited=\u00bboff|desktop\u00bb global_colors_info=\u00bb{}\u00bb theme_builder_area=\u00bbpost_content\u00bb]<\/p>\n<h2>Variedades<\/h2>\n<p>[\/et_pb_text][dsm_card title=\u00bbPepino Almer\u00eda\/Holand\u00e9s\u00bb layout=\u00bbinline\u00bb layout_inline_image_width=\u00bb35%\u00bb content_horizontal_alignment=\u00bbflex-start\u00bb image=\u00bbhttp:\/\/fruteco.es\/wp-content\/uploads\/2025\/11\/pepinoalmeria.jpg\u00bb image_background_animation_speed=\u00bb1500ms\u00bb button_url_new_window=\u00bb1&#8243; layout_tablet=\u00bbinline\u00bb layout_phone=\u00bbstacked\u00bb layout_last_edited=\u00bbon|phone\u00bb _builder_version=\u00bb4.27.0&#8243; _module_preset=\u00bbdefault\u00bb header_level=\u00bbh3&#8243; header_text_align=\u00bbleft\u00bb header_text_color=\u00bb#E2001A\u00bb header_font_size=\u00bb25px\u00bb body_text_color=\u00bb#000000&#8243; body_line_height=\u00bb1.4em\u00bb hover_enabled=\u00bb0&#8243; border_radii=\u00bbon|5px|5px|5px|5px\u00bb border_width_all=\u00bb5px\u00bb border_color_all=\u00bb#FFFFFF\u00bb box_shadow_style=\u00bbpreset1&#8243; box_shadow_blur=\u00bb10px\u00bb box_shadow_color=\u00bbrgba(0,0,0,0.1)\u00bb locked=\u00bboff\u00bb global_colors_info=\u00bb{}\u00bb background__hover_enabled=\u00bboff|desktop\u00bb background_color__hover=\u00bb#009037&#8243; background_enable_color__hover=\u00bbon\u00bb theme_builder_area=\u00bbpost_content\u00bb title_text=\u00bbpepinoalmeria\u00bb sticky_enabled=\u00bb0&#8243;]<\/p>\n<p><strong>Caracter\u00edsticas<\/strong><span>: Fruto alargado ( 30 \u2013 38 cm.), pr\u00e1cticamente rectos y sin cuello. De color verde oscuro. Pulpa de color blanquecino, bastante acuosa. La piel es muy cerosa, lisa y m\u00e1s o menos asurcada. Fruto con alta uniformidad, firmeza y muy digerible.<\/span><\/p>\n<p><strong>Presentaci\u00f3n<\/strong><span>: Envase de cart\u00f3n de 40x30x16 cm calibres 10 y 12 G , y en envase de cart\u00f3n de 40x30x12 el resto de calibres.<\/span><\/p>\n<p><strong>Paletizaci\u00f3n<\/strong><span>:<\/span><br \/><span>40x30x16 palet de 1&#215;1,2 con 180 cajas, y europalets de 144 cajas.<\/span><br \/><span>60x30x12 cm. en europalets de 180 cajas.<\/span><br \/><br clear=\"all\" \/><strong>Calibres<\/strong><span>:<\/span><br \/><span>10 \u201cGG\u201d ( 600 a 750 gr.), 12 \u201cG\u201d ( 500 a 600 gr.), 12 \u201cM\u201d (400 a 500 gr.), 12 \u201cP\u201d ( 350 a 400gr.), 14 (300 a 350 gr.) y 16 ( 250 a 300 gr.).<\/span><\/p>\n<p>[\/dsm_card][dsm_card title=\u00bbPepino Franc\u00e9s\u00bb layout=\u00bbinline\u00bb layout_inline_image_width=\u00bb35%\u00bb content_horizontal_alignment=\u00bbflex-start\u00bb image=\u00bbhttp:\/\/fruteco.es\/wp-content\/uploads\/2025\/11\/pepinofrances.jpg\u00bb image_background_animation=\u00bbzoom_in\u00bb image_background_animation_speed=\u00bb1500ms\u00bb button_url_new_window=\u00bb1&#8243; layout_tablet=\u00bbinline\u00bb layout_phone=\u00bbstacked\u00bb layout_last_edited=\u00bbon|phone\u00bb _builder_version=\u00bb4.27.0&#8243; _module_preset=\u00bbdefault\u00bb header_level=\u00bbh3&#8243; header_text_align=\u00bbleft\u00bb header_text_color=\u00bb#E2001A\u00bb header_font_size=\u00bb25px\u00bb body_text_color=\u00bb#000000&#8243; body_line_height=\u00bb1.4em\u00bb hover_enabled=\u00bb0&#8243; border_radii=\u00bbon|5px|5px|5px|5px\u00bb border_width_all=\u00bb5px\u00bb border_color_all=\u00bb#FFFFFF\u00bb box_shadow_style=\u00bbpreset1&#8243; box_shadow_blur=\u00bb10px\u00bb box_shadow_color=\u00bbrgba(0,0,0,0.1)\u00bb locked=\u00bboff\u00bb global_colors_info=\u00bb{}\u00bb background__hover_enabled=\u00bboff|desktop\u00bb background_color__hover=\u00bb#009037&#8243; background_enable_color__hover=\u00bbon\u00bb theme_builder_area=\u00bbpost_content\u00bb title_text=\u00bbpepinofrances\u00bb sticky_enabled=\u00bb0&#8243;]<\/p>\n<p><strong>Caracter\u00edsticas<\/strong>: Fruto similar al tipo Almer\u00eda de longitud mas corta ( 18 \u2013 25 cm.). en funci\u00f3n de la variedad pueden ser espinosos o lisos. Color verde intenso y sabor muy apreciable.<\/p>\n<p><strong>Presentaci\u00f3n<\/strong>: Envase de cart\u00f3n de 40x30x14 cm\u00a0 entre 5 a 6 kilos, y en envase de cart\u00f3n de 60x40x16 conteniendo 15 kilos, plastificados o al natural.<\/p>\n<p><strong>Paletizaci\u00f3n<\/strong>:<br \/>40x30x14 palet de 1&#215;1,2 con 150 cajas, y europalets de 120 cajas.<br \/>60x30x16 cm. en europalets de 56 cajas, y palet Chep de 65 cajas.<\/p>\n<p align=\"left\"><strong>Calibres<\/strong>: \u201cM\u201d ( 20 a 25 cm.)<\/p>\n<p>[\/dsm_card][dsm_card title=\u00bbPepino Espa\u00f1ol\u00bb layout=\u00bbinline\u00bb layout_inline_image_width=\u00bb35%\u00bb content_horizontal_alignment=\u00bbflex-start\u00bb image=\u00bbhttp:\/\/fruteco.es\/wp-content\/uploads\/2025\/11\/pepinoespanol.jpg\u00bb image_background_animation=\u00bbzoom_in\u00bb image_background_animation_speed=\u00bb1500ms\u00bb button_url_new_window=\u00bb1&#8243; layout_tablet=\u00bbinline\u00bb layout_phone=\u00bbstacked\u00bb layout_last_edited=\u00bbon|phone\u00bb _builder_version=\u00bb4.27.0&#8243; _module_preset=\u00bbdefault\u00bb header_level=\u00bbh3&#8243; header_text_align=\u00bbleft\u00bb header_text_color=\u00bb#E2001A\u00bb header_font_size=\u00bb25px\u00bb body_text_color=\u00bb#000000&#8243; body_line_height=\u00bb1.4em\u00bb hover_enabled=\u00bb0&#8243; border_radii=\u00bbon|5px|5px|5px|5px\u00bb border_width_all=\u00bb5px\u00bb border_color_all=\u00bb#FFFFFF\u00bb box_shadow_style=\u00bbpreset1&#8243; box_shadow_blur=\u00bb10px\u00bb box_shadow_color=\u00bbrgba(0,0,0,0.1)\u00bb locked=\u00bboff\u00bb global_colors_info=\u00bb{}\u00bb background__hover_enabled=\u00bboff|desktop\u00bb background_color__hover=\u00bb#009037&#8243; background_enable_color__hover=\u00bbon\u00bb theme_builder_area=\u00bbpost_content\u00bb title_text=\u00bbpepinoespanol\u00bb sticky_enabled=\u00bb0&#8243;]<\/p>\n<p><strong>Caracter\u00edsticas<\/strong><span>: Fruto peque\u00f1o de piel verde, estando rajada de color amarillo o blanco. No sobrepasan los 15 cm de longitud normalmente. Fruto espinoso, de sabor m\u00e1s intenso.<\/span><\/p>\n<p><strong>Presentaci\u00f3n<\/strong><span>: Envase de cart\u00f3n de 40x30x14 cm\u00a0 entre 5 a 6 kilos, y en envase de cart\u00f3n de 60x40x16 conteniendo 15 kilos.<\/span><\/p>\n<p><strong>Paletizaci\u00f3n<\/strong><span>:<\/span><br \/><span>40x30x14 palet de 1&#215;1,2 con 150 cajas, y europalets de 120 cajas.<\/span><br \/><span>60x30x16 cm. en europalets de 56 cajas, y palet Chep de 65 cajas.<\/span><br \/><br clear=\"all\" \/><strong>Calibres<\/strong><span>: \u201cM\u201d ( 15 cm.)<\/span><\/p>\n<p>[\/dsm_card][\/et_pb_column][et_pb_column type=\u00bb1_3&#8243; _builder_version=\u00bb4.27.0&#8243; _module_preset=\u00bbdefault\u00bb background_color=\u00bbrgba(0,144,55,0.24)\u00bb custom_padding=\u00bb15px|15px|15px|15px|true|true\u00bb border_radii=\u00bbon|10px|10px|10px|10px\u00bb global_colors_info=\u00bb{}\u00bb theme_builder_area=\u00bbpost_content\u00bb][et_pb_text _builder_version=\u00bb4.27.0&#8243; _module_preset=\u00bbdefault\u00bb header_2_font=\u00bb||on|on|||||\u00bb header_2_text_align=\u00bbleft\u00bb header_2_text_color=\u00bb#000000&#8243; header_2_font_size=\u00bb20px\u00bb header_2_line_height=\u00bb1.2em\u00bb custom_margin=\u00bb||4px|||\u00bb global_colors_info=\u00bb{}\u00bb theme_builder_area=\u00bbpost_content\u00bb]<\/p>\n<h2>Normas de Envasado<\/h2>\n<p>[\/et_pb_text][et_pb_image src=\u00bbhttp:\/\/fruteco.es\/wp-content\/uploads\/2025\/11\/envasadopepino.jpg\u00bb title_text=\u00bbenvasadopepino\u00bb align=\u00bbcenter\u00bb _builder_version=\u00bb4.27.0&#8243; _module_preset=\u00bbdefault\u00bb hover_enabled=\u00bb0&#8243; border_radii=\u00bbon|5px|5px|5px|5px\u00bb global_colors_info=\u00bb{}\u00bb theme_builder_area=\u00bbpost_content\u00bb sticky_enabled=\u00bb0&#8243;][\/et_pb_image][et_pb_text _builder_version=\u00bb4.27.0&#8243; _module_preset=\u00bbdefault\u00bb text_orientation=\u00bbcenter\u00bb global_colors_info=\u00bb{}\u00bb theme_builder_area=\u00bbpost_content\u00bb]Colocaci\u00f3n del Producto \/ Tipo de envase en cart\u00f3n o pl\u00e1stico[\/et_pb_text][et_pb_text _builder_version=\u00bb4.27.0&#8243; _module_preset=\u00bbdefault\u00bb header_2_font=\u00bb||on|on|||||\u00bb header_2_text_align=\u00bbleft\u00bb header_2_text_color=\u00bb#000000&#8243; header_2_font_size=\u00bb20px\u00bb header_2_line_height=\u00bb1.2em\u00bb custom_margin=\u00bb||4px|||\u00bb locked=\u00bboff\u00bb global_colors_info=\u00bb{}\u00bb theme_builder_area=\u00bbpost_content\u00bb]<\/p>\n<h2>Normas de Categor\u00eda y calidad<\/h2>\n<p>[\/et_pb_text][et_pb_blurb title=\u00bbCategor\u00eda extra\u00bb use_icon=\u00bbon\u00bb font_icon=\u00bb&#xe033;||divi||400&#8243; icon_color=\u00bb#009037&#8243; image_icon_background_color=\u00bb#FFFFFF\u00bb icon_placement=\u00bbleft\u00bb image_icon_width=\u00bb18px\u00bb _builder_version=\u00bb4.27.0&#8243; _module_preset=\u00bbdefault\u00bb header_text_color=\u00bb#009037&#8243; header_font_size=\u00bb20px\u00bb body_text_color=\u00bb#000000&#8243; body_line_height=\u00bb1.1em\u00bb body_ul_font_size=\u00bb15px\u00bb body_ul_line_height=\u00bb1.3em\u00bb custom_margin=\u00bb||0px||false|false\u00bb custom_padding=\u00bb||0px||false|false\u00bb border_radii_image=\u00bbon|15px|15px|15px|15px\u00bb border_width_all_image=\u00bb3px\u00bb border_color_all_image=\u00bb#FFFFFF\u00bb global_colors_info=\u00bb{}\u00bb theme_builder_area=\u00bbpost_content\u00bb]<\/p>\n<ul>\n<li>Los pepinos con calibres<span>\u00a0<\/span><strong>GG y G<span>\u00a0<\/span><\/strong>bien seleccionados se considerar\u00e1n de categor\u00eda Extra, siempre que cumplan las condiciones de calidad enunciadas en la Categor\u00eda I.<\/li>\n<li>Tolerancia de calidad y calibre de hasta un 10% de pepinos clasificados en la categor\u00eda I.\u00a0<\/li>\n<\/ul>\n<p>[\/et_pb_blurb][et_pb_blurb title=\u00bbCategor\u00eda 1&#8243; use_icon=\u00bbon\u00bb font_icon=\u00bb&#xe033;||divi||400&#8243; icon_color=\u00bb#009037&#8243; image_icon_background_color=\u00bb#FFFFFF\u00bb icon_placement=\u00bbleft\u00bb image_icon_width=\u00bb18px\u00bb _builder_version=\u00bb4.27.0&#8243; _module_preset=\u00bbdefault\u00bb header_text_color=\u00bb#009037&#8243; header_font_size=\u00bb20px\u00bb body_text_color=\u00bb#000000&#8243; body_line_height=\u00bb1.1em\u00bb body_ul_font_size=\u00bb15px\u00bb body_ul_line_height=\u00bb1.3em\u00bb custom_margin=\u00bb||0px||false|false\u00bb custom_padding=\u00bb||0px||false|false\u00bb border_radii_image=\u00bbon|15px|15px|15px|15px\u00bb border_width_all_image=\u00bb3px\u00bb border_color_all_image=\u00bb#FFFFFF\u00bb global_colors_info=\u00bb{}\u00bb theme_builder_area=\u00bbpost_content\u00bb]<\/p>\n<ul>\n<li>Los pepinos bien seleccionados, con la forma y coloraci\u00f3n correctas se considerar\u00e1n de categor\u00eda I.<\/li>\n<li>Tendr\u00e1n que haber alcanzado un desarrollo suficiente.<\/li>\n<li>Tienen que ser pr\u00e1cticamente rectos (altura m\u00e1xima del arco de 10 mm. por cada 10 cm.).<\/li>\n<li>La parte visible del envase debe ser representativa del conjunto.<\/li>\n<li>Tolerancia de calidad y calibre de hasta un 10% de pepinos clasificados en la categor\u00eda II.<\/li>\n<\/ul>\n<p>[\/et_pb_blurb][et_pb_blurb title=\u00bbCategor\u00eda 2&#8243; use_icon=\u00bbon\u00bb font_icon=\u00bb&#xe033;||divi||400&#8243; icon_color=\u00bb#009037&#8243; image_icon_background_color=\u00bb#FFFFFF\u00bb icon_placement=\u00bbleft\u00bb image_icon_width=\u00bb18px\u00bb _builder_version=\u00bb4.27.0&#8243; _module_preset=\u00bbdefault\u00bb header_text_color=\u00bb#009037&#8243; header_font_size=\u00bb20px\u00bb body_text_color=\u00bb#000000&#8243; body_line_height=\u00bb1.1em\u00bb body_ul_font_size=\u00bb15px\u00bb body_ul_line_height=\u00bb1.3em\u00bb custom_margin=\u00bb||0px||false|false\u00bb custom_padding=\u00bb||0px||false|false\u00bb border_radii_image=\u00bbon|15px|15px|15px|15px\u00bb border_width_all_image=\u00bb3px\u00bb border_color_all_image=\u00bb#FFFFFF\u00bb global_colors_info=\u00bb{}\u00bb theme_builder_area=\u00bbpost_content\u00bb]<\/p>\n<ul>\n<li>Se considerar\u00e1n de Categor\u00eda II los pepinos rectos que presenten los siguientes defectos:<br \/>&#8211; Deformaciones que no sean debidas a desarrollo avanzado de semillas.<br \/>&#8211; Defectos de coloraci\u00f3n que no excedan un tercio de la superficie.<br \/>&#8211; Heridas cicatrizadas y ligeros da\u00f1os que no afecten a su conservaci\u00f3n y aspecto.<br \/>&#8211; Ligera curvatura (con un arco de altura m\u00e1xima de 10 mm. por cada 10cm.).<\/li>\n<li>Se clasifican como categor\u00eda II los pepinos con una curvatura superior a 10mm. por cada 10 cm. de largo que presentan muy leves defectos de coloraci\u00f3n, pero ning\u00fan otro defecto de formaci\u00f3n que no sea el propio de la curvatura.<\/li>\n<li>No se incluyen en esta categor\u00eda los pepinos podridos o con heridas sin cicatrizar.<\/li>\n<\/ul>\n<p>[\/et_pb_blurb][\/et_pb_column][\/et_pb_row][\/et_pb_section][et_pb_section fb_built=\u00bb1&#8243; theme_builder_area=\u00bbpost_content\u00bb _builder_version=\u00bb4.27.0&#8243; _module_preset=\u00bbdefault\u00bb][\/et_pb_section]<\/p>","protected":false},"excerpt":{"rendered":"<p>Variedades<div class=\"et_pb_with_border et_pb_module dsm_card dsm_card_0 et_pb_bg_layout_light  dsm_card_layout_inline dsm_card_phone_layout_stacked\">\n\t\t\t\t\n\t\t\t\t\n\t\t\t\t\n\t\t\t\t\n\t\t\t\t\n\t\t\t\t\n\t\t\t\t<div class=\"et_pb_module_inner\">\n\t\t\t\t\t\n\t\t\t\n\t\t\t<figure class=\"dsm_card_image_wrapper dsm_card_badge_top_right\"><div class=\"dsm_card_image_background dsm_card_img\"><\/div><\/figure>\n\t\t\t<div class=\"et_pb_module dsm_card_wrapper et_pb_text_align_left\">\n\t\t\t\t\t\n\t\t\t\t\t<h3 class=\"dsm_card_title et_pb_module_header\">Pepino Almer\u00eda\/Holand\u00e9s<\/h3>\n\t\t\t\t\t\n\t\t\t\t\t\n\t\t\t\t\t\n\t\t\t\t<\/div>\n\t\t\t\n\t\t\t\t<\/div>\n\t\t\t<\/div>Caracter\u00edsticas: Fruto alargado ( 30 \u2013 38 cm.), pr\u00e1cticamente rectos y sin cuello. De color verde oscuro. Pulpa de color blanquecino, [&hellip;]<\/p>","protected":false},"author":2,"featured_media":0,"parent":0,"menu_order":0,"comment_status":"closed","ping_status":"closed","template":"","meta":{"_et_pb_use_builder":"on","_et_pb_old_content":"","_et_gb_content_width":"","footnotes":""},"class_list":["post-222","page","type-page","status-publish","hentry"],"yoast_head":"<!-- This site is optimized with the Yoast SEO plugin v26.8 - https:\/\/yoast.com\/product\/yoast-seo-wordpress\/ -->\n<title>Pepino - FRUTECO<\/title>\n<meta name=\"robots\" content=\"index, follow, max-snippet:-1, max-image-preview:large, max-video-preview:-1\" \/>\n<link rel=\"canonical\" href=\"https:\/\/fruteco.es\/en\/pepino\/\" \/>\n<meta property=\"og:locale\" content=\"en_GB\" \/>\n<meta property=\"og:type\" content=\"article\" \/>\n<meta property=\"og:title\" content=\"Pepino - FRUTECO\" \/>\n<meta property=\"og:description\" content=\"VariedadesCaracter\u00edsticas: Fruto alargado ( 30 \u2013 38 cm.), pr\u00e1cticamente rectos y sin cuello. De color verde oscuro. Pulpa de color blanquecino, [&hellip;]\" \/>\n<meta property=\"og:url\" content=\"https:\/\/fruteco.es\/en\/pepino\/\" \/>\n<meta property=\"og:site_name\" content=\"FRUTECO\" \/>\n<meta property=\"article:modified_time\" content=\"2025-11-03T16:23:53+00:00\" \/>\n<meta name=\"twitter:card\" content=\"summary_large_image\" \/>\n<meta name=\"twitter:label1\" content=\"Estimated reading time\" \/>\n\t<meta name=\"twitter:data1\" content=\"9 minutes\" \/>\n<script type=\"application\/ld+json\" class=\"yoast-schema-graph\">{\"@context\":\"https:\/\/schema.org\",\"@graph\":[{\"@type\":\"WebPage\",\"@id\":\"https:\/\/fruteco.es\/pepino\/\",\"url\":\"https:\/\/fruteco.es\/pepino\/\",\"name\":\"Pepino - FRUTECO\",\"isPartOf\":{\"@id\":\"https:\/\/fruteco.es\/#website\"},\"datePublished\":\"2025-11-03T16:19:19+00:00\",\"dateModified\":\"2025-11-03T16:23:53+00:00\",\"breadcrumb\":{\"@id\":\"https:\/\/fruteco.es\/pepino\/#breadcrumb\"},\"inLanguage\":\"en-GB\",\"potentialAction\":[{\"@type\":\"ReadAction\",\"target\":[\"https:\/\/fruteco.es\/pepino\/\"]}]},{\"@type\":\"BreadcrumbList\",\"@id\":\"https:\/\/fruteco.es\/pepino\/#breadcrumb\",\"itemListElement\":[{\"@type\":\"ListItem\",\"position\":1,\"name\":\"Portada\",\"item\":\"https:\/\/fruteco.es\/\"},{\"@type\":\"ListItem\",\"position\":2,\"name\":\"Pepino\"}]},{\"@type\":\"WebSite\",\"@id\":\"https:\/\/fruteco.es\/#website\",\"url\":\"https:\/\/fruteco.es\/\",\"name\":\"FRUTECO\",\"description\":\"L&iacute;der en producci&oacute;n y comercializaci&oacute;n de productos hortofrut&iacute;colas frescos\",\"publisher\":{\"@id\":\"https:\/\/fruteco.es\/#organization\"},\"potentialAction\":[{\"@type\":\"SearchAction\",\"target\":{\"@type\":\"EntryPoint\",\"urlTemplate\":\"https:\/\/fruteco.es\/?s={search_term_string}\"},\"query-input\":{\"@type\":\"PropertyValueSpecification\",\"valueRequired\":true,\"valueName\":\"search_term_string\"}}],\"inLanguage\":\"en-GB\"},{\"@type\":\"Organization\",\"@id\":\"https:\/\/fruteco.es\/#organization\",\"name\":\"FRUTECO\",\"url\":\"https:\/\/fruteco.es\/\",\"logo\":{\"@type\":\"ImageObject\",\"inLanguage\":\"en-GB\",\"@id\":\"https:\/\/fruteco.es\/#\/schema\/logo\/image\/\",\"url\":\"https:\/\/fruteco.es\/wp-content\/uploads\/2025\/10\/fruteco.gif\",\"contentUrl\":\"https:\/\/fruteco.es\/wp-content\/uploads\/2025\/10\/fruteco.gif\",\"width\":300,\"height\":77,\"caption\":\"FRUTECO\"},\"image\":{\"@id\":\"https:\/\/fruteco.es\/#\/schema\/logo\/image\/\"}}]}<\/script>\n<!-- \/ Yoast SEO plugin. -->","yoast_head_json":{"title":"Pepino - FRUTECO","robots":{"index":"index","follow":"follow","max-snippet":"max-snippet:-1","max-image-preview":"max-image-preview:large","max-video-preview":"max-video-preview:-1"},"canonical":"https:\/\/fruteco.es\/en\/pepino\/","og_locale":"en_GB","og_type":"article","og_title":"Pepino - FRUTECO","og_description":"VariedadesCaracter\u00edsticas: Fruto alargado ( 30 \u2013 38 cm.), pr\u00e1cticamente rectos y sin cuello. De color verde oscuro. Pulpa de color blanquecino, [&hellip;]","og_url":"https:\/\/fruteco.es\/en\/pepino\/","og_site_name":"FRUTECO","article_modified_time":"2025-11-03T16:23:53+00:00","twitter_card":"summary_large_image","twitter_misc":{"Estimated reading time":"9 minutes"},"schema":{"@context":"https:\/\/schema.org","@graph":[{"@type":"WebPage","@id":"https:\/\/fruteco.es\/pepino\/","url":"https:\/\/fruteco.es\/pepino\/","name":"Pepino - FRUTECO","isPartOf":{"@id":"https:\/\/fruteco.es\/#website"},"datePublished":"2025-11-03T16:19:19+00:00","dateModified":"2025-11-03T16:23:53+00:00","breadcrumb":{"@id":"https:\/\/fruteco.es\/pepino\/#breadcrumb"},"inLanguage":"en-GB","potentialAction":[{"@type":"ReadAction","target":["https:\/\/fruteco.es\/pepino\/"]}]},{"@type":"BreadcrumbList","@id":"https:\/\/fruteco.es\/pepino\/#breadcrumb","itemListElement":[{"@type":"ListItem","position":1,"name":"Portada","item":"https:\/\/fruteco.es\/"},{"@type":"ListItem","position":2,"name":"Pepino"}]},{"@type":"WebSite","@id":"https:\/\/fruteco.es\/#website","url":"https:\/\/fruteco.es\/","name":"FRUTECO","description":"L&iacute;der en producci&oacute;n y comercializaci&oacute;n de productos hortofrut&iacute;colas frescos","publisher":{"@id":"https:\/\/fruteco.es\/#organization"},"potentialAction":[{"@type":"SearchAction","target":{"@type":"EntryPoint","urlTemplate":"https:\/\/fruteco.es\/?s={search_term_string}"},"query-input":{"@type":"PropertyValueSpecification","valueRequired":true,"valueName":"search_term_string"}}],"inLanguage":"en-GB"},{"@type":"Organization","@id":"https:\/\/fruteco.es\/#organization","name":"FRUTECO","url":"https:\/\/fruteco.es\/","logo":{"@type":"ImageObject","inLanguage":"en-GB","@id":"https:\/\/fruteco.es\/#\/schema\/logo\/image\/","url":"https:\/\/fruteco.es\/wp-content\/uploads\/2025\/10\/fruteco.gif","contentUrl":"https:\/\/fruteco.es\/wp-content\/uploads\/2025\/10\/fruteco.gif","width":300,"height":77,"caption":"FRUTECO"},"image":{"@id":"https:\/\/fruteco.es\/#\/schema\/logo\/image\/"}}]}},"_links":{"self":[{"href":"https:\/\/fruteco.es\/en\/wp-json\/wp\/v2\/pages\/222","targetHints":{"allow":["GET"]}}],"collection":[{"href":"https:\/\/fruteco.es\/en\/wp-json\/wp\/v2\/pages"}],"about":[{"href":"https:\/\/fruteco.es\/en\/wp-json\/wp\/v2\/types\/page"}],"author":[{"embeddable":true,"href":"https:\/\/fruteco.es\/en\/wp-json\/wp\/v2\/users\/2"}],"replies":[{"embeddable":true,"href":"https:\/\/fruteco.es\/en\/wp-json\/wp\/v2\/comments?post=222"}],"version-history":[{"count":6,"href":"https:\/\/fruteco.es\/en\/wp-json\/wp\/v2\/pages\/222\/revisions"}],"predecessor-version":[{"id":231,"href":"https:\/\/fruteco.es\/en\/wp-json\/wp\/v2\/pages\/222\/revisions\/231"}],"wp:attachment":[{"href":"https:\/\/fruteco.es\/en\/wp-json\/wp\/v2\/media?parent=222"}],"curies":[{"name":"wp","href":"https:\/\/api.w.org\/{rel}","templated":true}]}}