{"id":119,"date":"2025-10-28T17:24:10","date_gmt":"2025-10-28T17:24:10","guid":{"rendered":"https:\/\/fruteco.es\/?page_id=119"},"modified":"2026-02-16T11:35:25","modified_gmt":"2026-02-16T11:35:25","slug":"por-que-fruteco","status":"publish","type":"page","link":"https:\/\/fruteco.es\/en\/por-que-fruteco\/","title":{"rendered":"\u00bfPor qu\u00e9 Fruteco?"},"content":{"rendered":"<p>[et_pb_section fb_built=\u00bb1&#8243; custom_padding_last_edited=\u00bbon|phone\u00bb _builder_version=\u00bb4.27.0&#8243; _module_preset=\u00bbdefault\u00bb use_background_color_gradient=\u00bbon\u00bb background_color_gradient_stops=\u00bbrgba(35,42,33,0.4) 0%|rgba(35,42,33,0.4) 100%\u00bb background_color_gradient_overlays_image=\u00bbon\u00bb background_image=\u00bbhttps:\/\/fruteco.es\/wp-content\/uploads\/2025\/10\/2631.jpg\u00bb custom_margin=\u00bb0px||0px||false|false\u00bb custom_padding=\u00bb150px||150px||true|false\u00bb custom_padding_tablet=\u00bb140px||140px||true|false\u00bb custom_padding_phone=\u00bb110px||110px||true|false\u00bb top_divider_height=\u00bb50px\u00bb top_divider_flip=\u00bbvertical\u00bb bottom_divider_style=\u00bbslant2&#8243; bottom_divider_color=\u00bb#FFFFFF\u00bb bottom_divider_flip=\u00bbvertical\u00bb global_colors_info=\u00bb{}\u00bb][et_pb_row column_structure=\u00bb3_4,1_4&#8243; _builder_version=\u00bb4.27.0&#8243; _module_preset=\u00bbdefault\u00bb width=\u00bb90%\u00bb custom_margin=\u00bb0px||0px||true|false\u00bb custom_padding=\u00bb0px||0px||false|false\u00bb animation_style=\u00bbslide\u00bb animation_direction=\u00bbleft\u00bb global_colors_info=\u00bb{}\u00bb][et_pb_column type=\u00bb3_4&#8243; _builder_version=\u00bb4.17.1&#8243; _module_preset=\u00bbdefault\u00bb global_colors_info=\u00bb{}\u00bb][et_pb_text _builder_version=\u00bb4.27.0&#8243; _module_preset=\u00bbdefault\u00bb header_font=\u00bb||on||||||\u00bb header_text_align=\u00bbleft\u00bb header_text_color=\u00bb#FFFFFF\u00bb header_font_size=\u00bb60px\u00bb custom_margin=\u00bb-6px||20px||false|false\u00bb custom_padding=\u00bb0px||0px||false|false\u00bb header_font_size_tablet=\u00bb60px\u00bb header_font_size_phone=\u00bb38px\u00bb header_font_size_last_edited=\u00bbon|tablet\u00bb header_text_shadow_style=\u00bbpreset3&#8243; global_colors_info=\u00bb{}\u00bb]<\/p>\n<h1>\u00bfPor qu\u00e9 Fruteco?<br \/>\n<\/h1>\n<p>[\/et_pb_text][et_pb_text _builder_version=\u00bb4.27.0&#8243; _module_preset=\u00bbdefault\u00bb header_font=\u00bb||on||||||\u00bb header_text_align=\u00bbleft\u00bb header_text_color=\u00bb#FFFFFF\u00bb header_font_size=\u00bb60px\u00bb custom_margin=\u00bb-6px||20px||false|false\u00bb custom_padding=\u00bb0px||0px||false|false\u00bb header_font_size_tablet=\u00bb60px\u00bb header_font_size_phone=\u00bb38px\u00bb header_font_size_last_edited=\u00bbon|tablet\u00bb header_text_shadow_style=\u00bbpreset3&#8243; global_colors_info=\u00bb{}\u00bb][\/et_pb_text][\/et_pb_column][et_pb_column type=\u00bb1_4&#8243; _builder_version=\u00bb4.17.1&#8243; _module_preset=\u00bbdefault\u00bb global_colors_info=\u00bb{}\u00bb][\/et_pb_column][\/et_pb_row][\/et_pb_section][et_pb_section fb_built=\u00bb1&#8243; _builder_version=\u00bb4.27.0&#8243; _module_preset=\u00bbdefault\u00bb background_enable_color=\u00bboff\u00bb global_colors_info=\u00bb{}\u00bb][et_pb_row column_structure=\u00bb1_3,1_3,1_3&#8243; use_custom_gutter=\u00bbon\u00bb gutter_width=\u00bb2&#8243; make_equal=\u00bbon\u00bb _builder_version=\u00bb4.27.0&#8243; _module_preset=\u00bbdefault\u00bb width=\u00bb90%\u00bb custom_padding=\u00bb||5px|||\u00bb global_colors_info=\u00bb{}\u00bb][et_pb_column type=\u00bb1_3&#8243; _builder_version=\u00bb4.27.0&#8243; _module_preset=\u00bbdefault\u00bb global_colors_info=\u00bb{}\u00bb][dsm_card title=\u00bb Seguridad alimentaria y producci\u00f3n responsable\u00bb content_horizontal_alignment=\u00bbflex-start\u00bb image_background_animation=\u00bbzoom_in\u00bb image_background_animation_speed=\u00bb1500ms\u00bb use_content_icon=\u00bbon\u00bb font_icon=\u00bb&#xf058;||fa||900&#8243; icon_color=\u00bb#E2001A\u00bb use_icon_font_size=\u00bbon\u00bb icon_content_font_size=\u00bb50px\u00bb button_url_new_window=\u00bb1&#8243; _builder_version=\u00bb4.27.0&#8243; _module_preset=\u00bbdefault\u00bb header_level=\u00bbh3&#8243; header_text_align=\u00bbleft\u00bb header_text_color=\u00bb#E2001A\u00bb header_font_size=\u00bb25px\u00bb body_text_color=\u00bb#000000&#8243; border_radii=\u00bbon|5px|5px|5px|5px\u00bb border_width_all=\u00bb5px\u00bb border_color_all=\u00bb#FFFFFF\u00bb box_shadow_style=\u00bbpreset1&#8243; box_shadow_blur=\u00bb10px\u00bb box_shadow_color=\u00bbrgba(0,0,0,0.1)\u00bb global_colors_info=\u00bb{}\u00bb background__hover_enabled=\u00bboff|desktop\u00bb background_color__hover=\u00bb#009037&#8243; background_enable_color__hover=\u00bbon\u00bb]<\/p>\n<p><span style=\"font-weight: 400;\">Producimos aplicando t\u00e9cnicas de <\/span><b>Lucha Integrada<\/b><span style=\"font-weight: 400;\">, lo que nos permite:<\/span><\/p>\n<ul>\n<li style=\"font-weight: 400;\" aria-level=\"1\"><span style=\"font-weight: 400;\">Obtener fruta <\/span><b>sana, libre de residuos<\/b><span style=\"font-weight: 400;\">.<\/span><\/li>\n<li style=\"font-weight: 400;\" aria-level=\"1\"><span style=\"font-weight: 400;\">Preservar el <\/span><b>medio ambiente<\/b><span style=\"font-weight: 400;\"> mediante pr\u00e1cticas sostenibles.<\/span><\/li>\n<li style=\"font-weight: 400;\" aria-level=\"1\"><span style=\"font-weight: 400;\">Garantizar productos doblemente seguros: para el consumidor y para el planeta.<\/span><\/li>\n<\/ul>\n<p>[\/dsm_card][\/et_pb_column][et_pb_column type=\u00bb1_3&#8243; _builder_version=\u00bb4.27.0&#8243; _module_preset=\u00bbdefault\u00bb global_colors_info=\u00bb{}\u00bb][dsm_card title=\u00bbTrazabilidad completa\u00bb content_horizontal_alignment=\u00bbflex-start\u00bb image_background_animation=\u00bbzoom_in\u00bb image_background_animation_speed=\u00bb1500ms\u00bb use_content_icon=\u00bbon\u00bb font_icon=\u00bb&#xf058;||fa||900&#8243; icon_color=\u00bb#E2001A\u00bb use_icon_font_size=\u00bbon\u00bb icon_content_font_size=\u00bb50px\u00bb button_url_new_window=\u00bb1&#8243; _builder_version=\u00bb4.27.0&#8243; _module_preset=\u00bbdefault\u00bb header_level=\u00bbh3&#8243; header_text_align=\u00bbleft\u00bb header_text_color=\u00bb#E2001A\u00bb header_font_size=\u00bb25px\u00bb body_text_color=\u00bb#000000&#8243; border_radii=\u00bbon|5px|5px|5px|5px\u00bb border_width_all=\u00bb5px\u00bb border_color_all=\u00bb#FFFFFF\u00bb box_shadow_style=\u00bbpreset1&#8243; box_shadow_blur=\u00bb10px\u00bb box_shadow_color=\u00bbrgba(0,0,0,0.1)\u00bb global_colors_info=\u00bb{}\u00bb background__hover_enabled=\u00bboff|desktop\u00bb background_color__hover=\u00bb#009037&#8243; background_enable_color__hover=\u00bbon\u00bb]<\/p>\n<p><span style=\"font-weight: 400;\">Cada producto est\u00e1 identificado desde su origen hasta el punto de venta. Aplicamos protocolos de trazabilidad que permiten <\/span><b>conocer en todo momento la procedencia, tratamiento y condiciones del producto<\/b><span style=\"font-weight: 400;\"> que llega al consumidor.<\/span><\/p>\n<p>[\/dsm_card][\/et_pb_column][et_pb_column type=\u00bb1_3&#8243; _builder_version=\u00bb4.27.0&#8243; _module_preset=\u00bbdefault\u00bb global_colors_info=\u00bb{}\u00bb][dsm_card title=\u00bbCompromiso con la calidad\u00bb content_horizontal_alignment=\u00bbflex-start\u00bb image_background_animation=\u00bbzoom_in\u00bb image_background_animation_speed=\u00bb1500ms\u00bb use_content_icon=\u00bbon\u00bb font_icon=\u00bb&#xf058;||fa||900&#8243; icon_color=\u00bb#E2001A\u00bb use_icon_font_size=\u00bbon\u00bb icon_content_font_size=\u00bb50px\u00bb button_url_new_window=\u00bb1&#8243; _builder_version=\u00bb4.27.0&#8243; _module_preset=\u00bbdefault\u00bb header_level=\u00bbh3&#8243; header_text_align=\u00bbleft\u00bb header_text_color=\u00bb#E2001A\u00bb header_font_size=\u00bb25px\u00bb body_text_color=\u00bb#000000&#8243; border_radii=\u00bbon|5px|5px|5px|5px\u00bb border_width_all=\u00bb5px\u00bb border_color_all=\u00bb#FFFFFF\u00bb box_shadow_style=\u00bbpreset1&#8243; box_shadow_blur=\u00bb10px\u00bb box_shadow_color=\u00bbrgba(0,0,0,0.1)\u00bb global_colors_info=\u00bb{}\u00bb background__hover_enabled=\u00bboff|desktop\u00bb background_color__hover=\u00bb#009037&#8243; background_enable_color__hover=\u00bbon\u00bb]<\/p>\n<p><span style=\"font-weight: 400;\">Contamos con un <\/span><b>Sistema de Calidad y Medioambiente certificado<\/b><span style=\"font-weight: 400;\">, basado en normativas internacionales como <\/span><b style=\"font-size: 15px;\">GLOBAL GAP, HACCP\/ISO 2200 y Certificado Fitosanitario<\/b><\/p>\n<p><span style=\"font-weight: 400;\">Esto avala nuestra posici\u00f3n como uno de los grupos <\/span><b>productores y comercializadores m\u00e1s cualificados de Espa\u00f1a<\/b><span style=\"font-weight: 400;\">.<\/span><\/p>\n<p>[\/dsm_card][\/et_pb_column][\/et_pb_row][et_pb_row column_structure=\u00bb1_3,1_3,1_3&#8243; use_custom_gutter=\u00bbon\u00bb gutter_width=\u00bb2&#8243; make_equal=\u00bbon\u00bb _builder_version=\u00bb4.27.0&#8243; _module_preset=\u00bbdefault\u00bb width=\u00bb90%\u00bb global_colors_info=\u00bb{}\u00bb][et_pb_column type=\u00bb1_3&#8243; _builder_version=\u00bb4.27.0&#8243; _module_preset=\u00bbdefault\u00bb global_colors_info=\u00bb{}\u00bb][dsm_card title=\u00bbFormato a medida y flexibilidad en el envasado\u00bb content_horizontal_alignment=\u00bbflex-start\u00bb image_background_animation=\u00bbzoom_in\u00bb image_background_animation_speed=\u00bb1500ms\u00bb use_content_icon=\u00bbon\u00bb font_icon=\u00bb&#xf058;||fa||900&#8243; icon_color=\u00bb#E2001A\u00bb use_icon_font_size=\u00bbon\u00bb icon_content_font_size=\u00bb50px\u00bb button_url_new_window=\u00bb1&#8243; _builder_version=\u00bb4.27.0&#8243; _module_preset=\u00bbdefault\u00bb header_level=\u00bbh3&#8243; header_text_align=\u00bbleft\u00bb header_text_color=\u00bb#E2001A\u00bb header_font_size=\u00bb25px\u00bb body_text_color=\u00bb#000000&#8243; border_radii=\u00bbon|5px|5px|5px|5px\u00bb border_width_all=\u00bb5px\u00bb border_color_all=\u00bb#FFFFFF\u00bb box_shadow_style=\u00bbpreset1&#8243; box_shadow_blur=\u00bb10px\u00bb box_shadow_color=\u00bbrgba(0,0,0,0.1)\u00bb global_colors_info=\u00bb{}\u00bb background__hover_enabled=\u00bboff|desktop\u00bb background_color__hover=\u00bb#009037&#8243; background_enable_color__hover=\u00bbon\u00bb]<\/p>\n<p><span style=\"font-weight: 400;\">Gracias a nuestra tecnolog\u00eda de <\/span><b>confecci\u00f3n y calibrado de \u00faltima generaci\u00f3n<\/b><span style=\"font-weight: 400;\">, podemos ofrecer cualquier tipo de formato que el cliente requiera:<\/span><\/p>\n<ul>\n<li style=\"font-weight: 400;\" aria-level=\"1\"><span style=\"font-weight: 400;\">Cajas, cestas, mallas, bolsas\u2026<\/span><\/li>\n<li style=\"font-weight: 400;\" aria-level=\"1\"><span style=\"font-weight: 400;\">O formatos exclusivos dise\u00f1ados por las grandes superficies para su marca propia.<\/span><\/li>\n<\/ul>\n<p>[\/dsm_card][\/et_pb_column][et_pb_column type=\u00bb1_3&#8243; _builder_version=\u00bb4.27.0&#8243; _module_preset=\u00bbdefault\u00bb global_colors_info=\u00bb{}\u00bb][dsm_card title=\u00bbServicio integral y personalizado\u00bb content_horizontal_alignment=\u00bbflex-start\u00bb image_background_animation=\u00bbzoom_in\u00bb image_background_animation_speed=\u00bb1500ms\u00bb use_content_icon=\u00bbon\u00bb font_icon=\u00bb&#xf058;||fa||900&#8243; icon_color=\u00bb#E2001A\u00bb use_icon_font_size=\u00bbon\u00bb icon_content_font_size=\u00bb50px\u00bb button_url_new_window=\u00bb1&#8243; _builder_version=\u00bb4.27.0&#8243; _module_preset=\u00bbdefault\u00bb header_level=\u00bbh3&#8243; header_text_align=\u00bbleft\u00bb header_text_color=\u00bb#E2001A\u00bb header_font_size=\u00bb25px\u00bb body_text_color=\u00bb#000000&#8243; border_radii=\u00bbon|5px|5px|5px|5px\u00bb border_width_all=\u00bb5px\u00bb border_color_all=\u00bb#FFFFFF\u00bb box_shadow_style=\u00bbpreset1&#8243; box_shadow_blur=\u00bb10px\u00bb box_shadow_color=\u00bbrgba(0,0,0,0.1)\u00bb global_colors_info=\u00bb{}\u00bb background__hover_enabled=\u00bboff|desktop\u00bb background_color__hover=\u00bb#009037&#8243; background_enable_color__hover=\u00bbon\u00bb]<\/p>\n<p><span style=\"font-weight: 400;\">Nos implicamos en cada fase del proceso, desde la producci\u00f3n hasta la entrega:<\/span><\/p>\n<ul>\n<li style=\"font-weight: 400;\" aria-level=\"1\"><b>Puntualidad y eficiencia log\u00edstica.<\/b><\/li>\n<li style=\"font-weight: 400;\" aria-level=\"1\"><b>Atenci\u00f3n personalizada antes y despu\u00e9s de la venta.<\/b><\/li>\n<li style=\"font-weight: 400;\" aria-level=\"1\"><b>Capacidad de respuesta r\u00e1pida ante imprevistos o cambios de demanda.<\/b><\/li>\n<\/ul>\n<ul><\/ul>\n<p>[\/dsm_card][\/et_pb_column][et_pb_column type=\u00bb1_3&#8243; _builder_version=\u00bb4.27.0&#8243; _module_preset=\u00bbdefault\u00bb global_colors_info=\u00bb{}\u00bb][dsm_card title=\u00bbPol\u00edtica de marcas: tu producto, con tu imagen\u00bb content_horizontal_alignment=\u00bbflex-start\u00bb image_background_animation=\u00bbzoom_in\u00bb image_background_animation_speed=\u00bb1500ms\u00bb use_content_icon=\u00bbon\u00bb font_icon=\u00bb&#xf058;||fa||900&#8243; icon_color=\u00bb#E2001A\u00bb use_icon_font_size=\u00bbon\u00bb icon_content_font_size=\u00bb50px\u00bb button_url_new_window=\u00bb1&#8243; _builder_version=\u00bb4.27.0&#8243; _module_preset=\u00bbdefault\u00bb header_level=\u00bbh3&#8243; header_text_align=\u00bbleft\u00bb header_text_color=\u00bb#E2001A\u00bb header_font_size=\u00bb25px\u00bb body_text_color=\u00bb#000000&#8243; border_radii=\u00bbon|5px|5px|5px|5px\u00bb border_width_all=\u00bb5px\u00bb border_color_all=\u00bb#FFFFFF\u00bb box_shadow_style=\u00bbpreset1&#8243; box_shadow_blur=\u00bb10px\u00bb box_shadow_color=\u00bbrgba(0,0,0,0.1)\u00bb global_colors_info=\u00bb{}\u00bb background__hover_enabled=\u00bboff|desktop\u00bb background_color__hover=\u00bb#009037&#8243; background_enable_color__hover=\u00bbon\u00bb]<\/p>\n<p><span style=\"font-weight: 400;\">Envasamos nuestros productos con las <\/span><b>marcas propias de las grandes superficies<\/b><span style=\"font-weight: 400;\">, garantizando que el consumidor final reciba un producto fresco, seguro y con el est\u00e1ndar de calidad que representa a cada ense\u00f1a.<\/span><\/p>\n<p>[\/dsm_card][\/et_pb_column][\/et_pb_row][\/et_pb_section]<\/p>","protected":false},"excerpt":{"rendered":"<p>\u00bfPor qu\u00e9 Fruteco? <div class=\"et_pb_with_border et_pb_module dsm_card dsm_card_0 et_pb_bg_layout_light dsm_card_image_animation dsm_card_image_animation_zoom_in dsm_card_layout_stacked\">\n\t\t\t\t\n\t\t\t\t\n\t\t\t\t\n\t\t\t\t\n\t\t\t\t\n\t\t\t\t\n\t\t\t\t<div class=\"et_pb_module_inner\">\n\t\t\t\t\t\n\t\t\t\n\t\t\t\n\t\t\t<div class=\"et_pb_module dsm_card_wrapper et_pb_text_align_left\">\n\t\t\t\t\t<div class=\"dsm_card_icon\">\n\t\t\t\t\t\t<span class=\"dsm_card_icon_wrap\">\n\t\t\t\t\t\t\t<span class=\"et-pb-icon\">\uf058<\/span>\n\t\t\t\t\t\t<\/span>\n\t\t\t\t\t<\/div>\n\t\t\t\t\t<h3 class=\"dsm_card_title et_pb_module_header\"> Seguridad alimentaria y producci\u00f3n responsable<\/h3>\n\t\t\t\t\t\n\t\t\t\t\t\n\t\t\t\t\t\n\t\t\t\t<\/div>\n\t\t\t\n\t\t\t\t<\/div>\n\t\t\t<\/div>Producimos aplicando t\u00e9cnicas de Lucha Integrada, lo que nos permite: Obtener fruta sana, libre de residuos. Preservar el medio ambiente [&hellip;]<\/p>","protected":false},"author":2,"featured_media":0,"parent":0,"menu_order":0,"comment_status":"closed","ping_status":"closed","template":"","meta":{"_et_pb_use_builder":"on","_et_pb_old_content":"","_et_gb_content_width":"","footnotes":""},"class_list":["post-119","page","type-page","status-publish","hentry"],"yoast_head":"<!-- This site is optimized with the Yoast SEO plugin v26.8 - https:\/\/yoast.com\/product\/yoast-seo-wordpress\/ -->\n<title>\u00bfPor qu\u00e9 Fruteco? - FRUTECO<\/title>\n<meta name=\"robots\" content=\"index, follow, max-snippet:-1, max-image-preview:large, max-video-preview:-1\" \/>\n<link rel=\"canonical\" href=\"https:\/\/fruteco.es\/en\/por-que-fruteco\/\" \/>\n<meta property=\"og:locale\" content=\"en_GB\" \/>\n<meta property=\"og:type\" content=\"article\" \/>\n<meta property=\"og:title\" content=\"\u00bfPor qu\u00e9 Fruteco? - FRUTECO\" \/>\n<meta property=\"og:description\" content=\"\u00bfPor qu\u00e9 Fruteco? Producimos aplicando t\u00e9cnicas de Lucha Integrada, lo que nos permite: Obtener fruta sana, libre de residuos. Preservar el medio ambiente [&hellip;]\" \/>\n<meta property=\"og:url\" content=\"https:\/\/fruteco.es\/en\/por-que-fruteco\/\" \/>\n<meta property=\"og:site_name\" content=\"FRUTECO\" \/>\n<meta property=\"article:modified_time\" content=\"2026-02-16T11:35:25+00:00\" \/>\n<meta name=\"twitter:card\" content=\"summary_large_image\" \/>\n<meta name=\"twitter:label1\" content=\"Estimated reading time\" \/>\n\t<meta name=\"twitter:data1\" content=\"7 minutes\" \/>\n<script type=\"application\/ld+json\" class=\"yoast-schema-graph\">{\"@context\":\"https:\/\/schema.org\",\"@graph\":[{\"@type\":\"WebPage\",\"@id\":\"https:\/\/fruteco.es\/por-que-fruteco\/\",\"url\":\"https:\/\/fruteco.es\/por-que-fruteco\/\",\"name\":\"\u00bfPor qu\u00e9 Fruteco? - FRUTECO\",\"isPartOf\":{\"@id\":\"https:\/\/fruteco.es\/#website\"},\"datePublished\":\"2025-10-28T17:24:10+00:00\",\"dateModified\":\"2026-02-16T11:35:25+00:00\",\"breadcrumb\":{\"@id\":\"https:\/\/fruteco.es\/por-que-fruteco\/#breadcrumb\"},\"inLanguage\":\"en-GB\",\"potentialAction\":[{\"@type\":\"ReadAction\",\"target\":[\"https:\/\/fruteco.es\/por-que-fruteco\/\"]}]},{\"@type\":\"BreadcrumbList\",\"@id\":\"https:\/\/fruteco.es\/por-que-fruteco\/#breadcrumb\",\"itemListElement\":[{\"@type\":\"ListItem\",\"position\":1,\"name\":\"Portada\",\"item\":\"https:\/\/fruteco.es\/\"},{\"@type\":\"ListItem\",\"position\":2,\"name\":\"\u00bfPor qu\u00e9 Fruteco?\"}]},{\"@type\":\"WebSite\",\"@id\":\"https:\/\/fruteco.es\/#website\",\"url\":\"https:\/\/fruteco.es\/\",\"name\":\"FRUTECO\",\"description\":\"L&iacute;der en producci&oacute;n y comercializaci&oacute;n de productos hortofrut&iacute;colas frescos\",\"publisher\":{\"@id\":\"https:\/\/fruteco.es\/#organization\"},\"potentialAction\":[{\"@type\":\"SearchAction\",\"target\":{\"@type\":\"EntryPoint\",\"urlTemplate\":\"https:\/\/fruteco.es\/?s={search_term_string}\"},\"query-input\":{\"@type\":\"PropertyValueSpecification\",\"valueRequired\":true,\"valueName\":\"search_term_string\"}}],\"inLanguage\":\"en-GB\"},{\"@type\":\"Organization\",\"@id\":\"https:\/\/fruteco.es\/#organization\",\"name\":\"FRUTECO\",\"url\":\"https:\/\/fruteco.es\/\",\"logo\":{\"@type\":\"ImageObject\",\"inLanguage\":\"en-GB\",\"@id\":\"https:\/\/fruteco.es\/#\/schema\/logo\/image\/\",\"url\":\"https:\/\/fruteco.es\/wp-content\/uploads\/2025\/10\/fruteco.gif\",\"contentUrl\":\"https:\/\/fruteco.es\/wp-content\/uploads\/2025\/10\/fruteco.gif\",\"width\":300,\"height\":77,\"caption\":\"FRUTECO\"},\"image\":{\"@id\":\"https:\/\/fruteco.es\/#\/schema\/logo\/image\/\"}}]}<\/script>\n<!-- \/ Yoast SEO plugin. -->","yoast_head_json":{"title":"\u00bfPor qu\u00e9 Fruteco? - FRUTECO","robots":{"index":"index","follow":"follow","max-snippet":"max-snippet:-1","max-image-preview":"max-image-preview:large","max-video-preview":"max-video-preview:-1"},"canonical":"https:\/\/fruteco.es\/en\/por-que-fruteco\/","og_locale":"en_GB","og_type":"article","og_title":"\u00bfPor qu\u00e9 Fruteco? - FRUTECO","og_description":"\u00bfPor qu\u00e9 Fruteco? Producimos aplicando t\u00e9cnicas de Lucha Integrada, lo que nos permite: Obtener fruta sana, libre de residuos. Preservar el medio ambiente [&hellip;]","og_url":"https:\/\/fruteco.es\/en\/por-que-fruteco\/","og_site_name":"FRUTECO","article_modified_time":"2026-02-16T11:35:25+00:00","twitter_card":"summary_large_image","twitter_misc":{"Estimated reading time":"7 minutes"},"schema":{"@context":"https:\/\/schema.org","@graph":[{"@type":"WebPage","@id":"https:\/\/fruteco.es\/por-que-fruteco\/","url":"https:\/\/fruteco.es\/por-que-fruteco\/","name":"\u00bfPor qu\u00e9 Fruteco? - FRUTECO","isPartOf":{"@id":"https:\/\/fruteco.es\/#website"},"datePublished":"2025-10-28T17:24:10+00:00","dateModified":"2026-02-16T11:35:25+00:00","breadcrumb":{"@id":"https:\/\/fruteco.es\/por-que-fruteco\/#breadcrumb"},"inLanguage":"en-GB","potentialAction":[{"@type":"ReadAction","target":["https:\/\/fruteco.es\/por-que-fruteco\/"]}]},{"@type":"BreadcrumbList","@id":"https:\/\/fruteco.es\/por-que-fruteco\/#breadcrumb","itemListElement":[{"@type":"ListItem","position":1,"name":"Portada","item":"https:\/\/fruteco.es\/"},{"@type":"ListItem","position":2,"name":"\u00bfPor qu\u00e9 Fruteco?"}]},{"@type":"WebSite","@id":"https:\/\/fruteco.es\/#website","url":"https:\/\/fruteco.es\/","name":"FRUTECO","description":"L&iacute;der en producci&oacute;n y comercializaci&oacute;n de productos hortofrut&iacute;colas frescos","publisher":{"@id":"https:\/\/fruteco.es\/#organization"},"potentialAction":[{"@type":"SearchAction","target":{"@type":"EntryPoint","urlTemplate":"https:\/\/fruteco.es\/?s={search_term_string}"},"query-input":{"@type":"PropertyValueSpecification","valueRequired":true,"valueName":"search_term_string"}}],"inLanguage":"en-GB"},{"@type":"Organization","@id":"https:\/\/fruteco.es\/#organization","name":"FRUTECO","url":"https:\/\/fruteco.es\/","logo":{"@type":"ImageObject","inLanguage":"en-GB","@id":"https:\/\/fruteco.es\/#\/schema\/logo\/image\/","url":"https:\/\/fruteco.es\/wp-content\/uploads\/2025\/10\/fruteco.gif","contentUrl":"https:\/\/fruteco.es\/wp-content\/uploads\/2025\/10\/fruteco.gif","width":300,"height":77,"caption":"FRUTECO"},"image":{"@id":"https:\/\/fruteco.es\/#\/schema\/logo\/image\/"}}]}},"_links":{"self":[{"href":"https:\/\/fruteco.es\/en\/wp-json\/wp\/v2\/pages\/119","targetHints":{"allow":["GET"]}}],"collection":[{"href":"https:\/\/fruteco.es\/en\/wp-json\/wp\/v2\/pages"}],"about":[{"href":"https:\/\/fruteco.es\/en\/wp-json\/wp\/v2\/types\/page"}],"author":[{"embeddable":true,"href":"https:\/\/fruteco.es\/en\/wp-json\/wp\/v2\/users\/2"}],"replies":[{"embeddable":true,"href":"https:\/\/fruteco.es\/en\/wp-json\/wp\/v2\/comments?post=119"}],"version-history":[{"count":5,"href":"https:\/\/fruteco.es\/en\/wp-json\/wp\/v2\/pages\/119\/revisions"}],"predecessor-version":[{"id":487,"href":"https:\/\/fruteco.es\/en\/wp-json\/wp\/v2\/pages\/119\/revisions\/487"}],"wp:attachment":[{"href":"https:\/\/fruteco.es\/en\/wp-json\/wp\/v2\/media?parent=119"}],"curies":[{"name":"wp","href":"https:\/\/api.w.org\/{rel}","templated":true}]}}